{"id":2565,"date":"2025-07-04T02:20:46","date_gmt":"2025-07-04T02:20:46","guid":{"rendered":"https:\/\/mont-river.ca\/?page_id=2565"},"modified":"2025-07-04T02:20:47","modified_gmt":"2025-07-04T02:20:47","slug":"recrutement-de-distributeurs","status":"publish","type":"page","link":"https:\/\/mont-river.ca\/fr\/recrutement-de-distributeurs\/","title":{"rendered":"Recrutement de Distributeurs"},"content":{"rendered":"<section class=\"gb-container gb-container-d51140e2\">\n\n<figure class=\"gb-block-image gb-block-image-6bd6184e\"><img loading=\"lazy\" decoding=\"async\" width=\"750\" height=\"500\" class=\"gb-image gb-image-6bd6184e\" src=\"https:\/\/mont-river.ca\/wp-content\/uploads\/2025\/07\/pitch-honore-109-hdr-edit.jpg\" alt=\"\" title=\"pitch-honore-109-hdr-edit\" srcset=\"https:\/\/mont-river.ca\/wp-content\/uploads\/2025\/07\/pitch-honore-109-hdr-edit.jpg 750w, https:\/\/mont-river.ca\/wp-content\/uploads\/2025\/07\/pitch-honore-109-hdr-edit-300x200.jpg 300w\" sizes=\"auto, (max-width: 750px) 100vw, 750px\" \/><\/figure>\n\n\n<div class=\"gb-container gb-container-f4f95654\">\n\n<h3 class=\"gb-headline gb-headline-18940455 gb-headline-text\">Recrutement de Distributeurs de WPC par Mont-River<\/h3>\n\n\n\n<p>Mont-River exploite fi\u00e8rement sa propre usine de fabrication de mat\u00e9riaux WPC (bois composite), garantissant une capacit\u00e9 de production stable, une qualit\u00e9 constante et un approvisionnement fiable. Nos mat\u00e9riaux WPC de haute qualit\u00e9 sont polyvalents et conviennent \u00e0 une large gamme d&rsquo;applications, notamment les terrasses, les cl\u00f4tures, les rampes d&rsquo;escalier, et bien plus encore.<\/p>\n\n\n\n<p>Si vous souhaitez devenir l\u2019un de nos distributeurs, nous serons ravis de vous proposer des prix directs d&rsquo;usine. Pour obtenir plus d\u2019informations sur nos avantages et politiques exclusives pour les distributeurs, n\u2019h\u00e9sitez pas \u00e0 nous contacter.<\/p>\n\n\n\n<p><strong>Courriel<\/strong>: <a href=\"info@mont-river.ca\">info@mont-river.ca<\/a>, <a href=\"mailto:Sales@montriver.ca\">Sales@montriver.ca<\/a><br><strong>Tel<\/strong>: Jack <a href=\"http:\/\/<a href=&quot;tel:+15145668926&quot;&gt;Call Jack: (514) 566-8926<\/a&gt;\">(514) 566-8926<\/a><\/p>\n\n<\/div>\n<\/section>\n\n<div class=\"gb-container gb-container-c4844e5a\">\n\n<div class=\"wp-block-columns is-layout-flex wp-container-core-columns-is-layout-9d6595d7 wp-block-columns-is-layout-flex\">\n<div class=\"wp-block-column is-layout-flow wp-block-column-is-layout-flow\">\n<h3 class=\"wp-block-heading has-large-font-size\">Exemples de projets r\u00e9alis\u00e9s avec nos mat\u00e9riaux WPC<\/h3>\n<\/div>\n<\/div>\n\n\n\n<figure class=\"wp-block-gallery has-nested-images columns-default is-cropped wp-block-gallery-1 is-layout-flex wp-block-gallery-is-layout-flex\">\n<figure class=\"wp-block-image size-large\"><img loading=\"lazy\" decoding=\"async\" width=\"1024\" height=\"683\" data-id=\"2547\" src=\"https:\/\/mont-river.ca\/wp-content\/uploads\/2025\/07\/pitch-leavitt-176-hdr-1024x683.jpg\" alt=\"\" class=\"wp-image-2547\" srcset=\"https:\/\/mont-river.ca\/wp-content\/uploads\/2025\/07\/pitch-leavitt-176-hdr-1024x683.jpg 1024w, https:\/\/mont-river.ca\/wp-content\/uploads\/2025\/07\/pitch-leavitt-176-hdr-300x200.jpg 300w, https:\/\/mont-river.ca\/wp-content\/uploads\/2025\/07\/pitch-leavitt-176-hdr-768x513.jpg 768w, https:\/\/mont-river.ca\/wp-content\/uploads\/2025\/07\/pitch-leavitt-176-hdr.jpg 1500w\" sizes=\"auto, (max-width: 1024px) 100vw, 1024px\" \/><\/figure>\n\n\n\n<figure class=\"wp-block-image size-large\"><img loading=\"lazy\" decoding=\"async\" width=\"1024\" height=\"683\" data-id=\"2549\" src=\"https:\/\/mont-river.ca\/wp-content\/uploads\/2025\/07\/pitch-2014-w-shakespeare-029-hdr-copy-1024x683.jpg\" alt=\"\" class=\"wp-image-2549\" srcset=\"https:\/\/mont-river.ca\/wp-content\/uploads\/2025\/07\/pitch-2014-w-shakespeare-029-hdr-copy-1024x683.jpg 1024w, https:\/\/mont-river.ca\/wp-content\/uploads\/2025\/07\/pitch-2014-w-shakespeare-029-hdr-copy-300x200.jpg 300w, https:\/\/mont-river.ca\/wp-content\/uploads\/2025\/07\/pitch-2014-w-shakespeare-029-hdr-copy-768x513.jpg 768w, https:\/\/mont-river.ca\/wp-content\/uploads\/2025\/07\/pitch-2014-w-shakespeare-029-hdr-copy.jpg 1500w\" sizes=\"auto, (max-width: 1024px) 100vw, 1024px\" \/><\/figure>\n\n\n\n<figure class=\"wp-block-image size-large\"><img loading=\"lazy\" decoding=\"async\" width=\"750\" height=\"503\" data-id=\"2551\" src=\"https:\/\/mont-river.ca\/wp-content\/uploads\/2025\/07\/2333-w-belden-041-hdr.jpg\" alt=\"\" class=\"wp-image-2551\" srcset=\"https:\/\/mont-river.ca\/wp-content\/uploads\/2025\/07\/2333-w-belden-041-hdr.jpg 750w, https:\/\/mont-river.ca\/wp-content\/uploads\/2025\/07\/2333-w-belden-041-hdr-300x201.jpg 300w\" sizes=\"auto, (max-width: 750px) 100vw, 750px\" \/><\/figure>\n\n\n\n<figure class=\"wp-block-image size-large\"><img loading=\"lazy\" decoding=\"async\" width=\"1024\" height=\"682\" data-id=\"2553\" src=\"https:\/\/mont-river.ca\/wp-content\/uploads\/2025\/07\/1264marion-005-1024x682.jpg\" alt=\"\" class=\"wp-image-2553\" srcset=\"https:\/\/mont-river.ca\/wp-content\/uploads\/2025\/07\/1264marion-005-1024x682.jpg 1024w, https:\/\/mont-river.ca\/wp-content\/uploads\/2025\/07\/1264marion-005-300x200.jpg 300w, https:\/\/mont-river.ca\/wp-content\/uploads\/2025\/07\/1264marion-005-768x512.jpg 768w, https:\/\/mont-river.ca\/wp-content\/uploads\/2025\/07\/1264marion-005-1536x1024.jpg 1536w, https:\/\/mont-river.ca\/wp-content\/uploads\/2025\/07\/1264marion-005.jpg 2000w\" sizes=\"auto, (max-width: 1024px) 100vw, 1024px\" \/><\/figure>\n\n\n\n<figure class=\"wp-block-image size-large\"><img loading=\"lazy\" decoding=\"async\" width=\"1024\" height=\"683\" data-id=\"2559\" src=\"https:\/\/mont-river.ca\/wp-content\/uploads\/2025\/07\/DSC_7060-HDR-1024x683.jpg\" alt=\"\" class=\"wp-image-2559\" srcset=\"https:\/\/mont-river.ca\/wp-content\/uploads\/2025\/07\/DSC_7060-HDR-1024x683.jpg 1024w, https:\/\/mont-river.ca\/wp-content\/uploads\/2025\/07\/DSC_7060-HDR-300x200.jpg 300w, https:\/\/mont-river.ca\/wp-content\/uploads\/2025\/07\/DSC_7060-HDR-768x512.jpg 768w, https:\/\/mont-river.ca\/wp-content\/uploads\/2025\/07\/DSC_7060-HDR-1536x1024.jpg 1536w, https:\/\/mont-river.ca\/wp-content\/uploads\/2025\/07\/DSC_7060-HDR-2048x1365.jpg 2048w\" sizes=\"auto, (max-width: 1024px) 100vw, 1024px\" \/><\/figure>\n\n\n\n<figure class=\"wp-block-image size-large\"><img loading=\"lazy\" decoding=\"async\" width=\"1024\" height=\"683\" data-id=\"2557\" src=\"https:\/\/mont-river.ca\/wp-content\/uploads\/2025\/07\/PITCH-CONCEPTS-177-HDR-1024x683.jpg\" alt=\"\" class=\"wp-image-2557\" srcset=\"https:\/\/mont-river.ca\/wp-content\/uploads\/2025\/07\/PITCH-CONCEPTS-177-HDR-1024x683.jpg 1024w, https:\/\/mont-river.ca\/wp-content\/uploads\/2025\/07\/PITCH-CONCEPTS-177-HDR-300x200.jpg 300w, https:\/\/mont-river.ca\/wp-content\/uploads\/2025\/07\/PITCH-CONCEPTS-177-HDR-768x513.jpg 768w, https:\/\/mont-river.ca\/wp-content\/uploads\/2025\/07\/PITCH-CONCEPTS-177-HDR.jpg 1500w\" sizes=\"auto, (max-width: 1024px) 100vw, 1024px\" \/><\/figure>\n<\/figure>\n\n<\/div>","protected":false},"excerpt":{"rendered":"<p>Recrutement de Distributeurs de WPC par Mont-River Mont-River exploite fi\u00e8rement sa propre usine de fabrication &#8230; <a title=\"Recrutement de Distributeurs\" class=\"read-more\" href=\"https:\/\/mont-river.ca\/fr\/recrutement-de-distributeurs\/\" aria-label=\"En savoir plus sur Recrutement de Distributeurs\">Lire plus<\/a><\/p>\n","protected":false},"author":3,"featured_media":2563,"parent":0,"menu_order":0,"comment_status":"closed","ping_status":"closed","template":"","meta":{"footnotes":""},"class_list":["post-2565","page","type-page","status-publish","has-post-thumbnail"],"_links":{"self":[{"href":"https:\/\/mont-river.ca\/fr\/wp-json\/wp\/v2\/pages\/2565\/"}],"collection":[{"href":"https:\/\/mont-river.ca\/fr\/wp-json\/wp\/v2\/pages\/"}],"about":[{"href":"https:\/\/mont-river.ca\/fr\/wp-json\/wp\/v2\/types\/page\/"}],"author":[{"embeddable":true,"href":"https:\/\/mont-river.ca\/fr\/wp-json\/wp\/v2\/users\/3\/"}],"replies":[{"embeddable":true,"href":"https:\/\/mont-river.ca\/fr\/wp-json\/wp\/v2\/comments\/?post=2565"}],"version-history":[{"count":2,"href":"https:\/\/mont-river.ca\/fr\/wp-json\/wp\/v2\/pages\/2565\/revisions\/"}],"predecessor-version":[{"id":2569,"href":"https:\/\/mont-river.ca\/fr\/wp-json\/wp\/v2\/pages\/2565\/revisions\/2569\/"}],"wp:featuredmedia":[{"embeddable":true,"href":"https:\/\/mont-river.ca\/fr\/wp-json\/wp\/v2\/media\/2563\/"}],"wp:attachment":[{"href":"https:\/\/mont-river.ca\/fr\/wp-json\/wp\/v2\/media\/?parent=2565"}],"curies":[{"name":"wp","href":"https:\/\/api.w.org\/{rel}","templated":true}]}}