{"id":1887,"date":"2023-11-15T15:16:39","date_gmt":"2023-11-15T15:16:39","guid":{"rendered":"https:\/\/mont-river.ca\/?page_id=1887"},"modified":"2025-01-05T03:13:50","modified_gmt":"2025-01-05T03:13:50","slug":"pont-wpc","status":"publish","type":"page","link":"https:\/\/mont-river.ca\/fr\/composite-bois-plastique-wpc\/pont-wpc\/","title":{"rendered":"PONT WPC"},"content":{"rendered":"<div class=\"gb-container gb-container-522a5c6e\">\n\n<div class=\"wp-block-columns is-layout-flex wp-container-core-columns-is-layout-9d6595d7 wp-block-columns-is-layout-flex\">\n<div class=\"wp-block-column is-vertically-aligned-center is-layout-flow wp-block-column-is-layout-flow\" style=\"flex-basis:33.33%\"><div class=\"wp-block-image\">\n<figure class=\"aligncenter size-full is-resized\"><img loading=\"lazy\" decoding=\"async\" width=\"130\" height=\"213\" src=\"https:\/\/mont-river.ca\/wp-content\/uploads\/2023\/11\/WPC-DECK.jpg\" alt=\"\" class=\"wp-image-1616\" style=\"width:180px\"\/><\/figure>\n<\/div>\n\n\n<a class=\"gb-button gb-button-dea0283c\" href=\"#\" target=\"_blank\" rel=\"noopener noreferrer\"><span class=\"gb-button-text\">Voir nos catalogues<\/span><span class=\"gb-icon\"><svg viewBox=\"0 0 330 330\" xmlns=\"http:\/\/www.w3.org\/2000\/svg\"><path d=\"M15 180h263.787l-49.394 49.394c-5.858 5.857-5.858 15.355 0 21.213C232.322 253.535 236.161 255 240 255s7.678-1.465 10.606-4.394l75-75c5.858-5.857 5.858-15.355 0-21.213l-75-75c-5.857-5.857-15.355-5.857-21.213 0-5.858 5.857-5.858 15.355 0 21.213L278.787 150H15c-8.284 0-15 6.716-15 15s6.716 15 15 15z\"><\/path><\/svg><\/span><\/a>\n<\/div>\n\n\n\n<div class=\"wp-block-column is-layout-flow wp-block-column-is-layout-flow\" style=\"flex-basis:66.66%\">\n<h2 class=\"wp-block-heading\">DESCRIPTION<\/h2>\n\n\n\n<p>WPC Decking, ou Wood-Plastic Composite Decking, repr\u00e9sente une solution de terrasse innovante et durable qui combine l&rsquo;esth\u00e9tique naturelle du bois avec la durabilit\u00e9 et le faible entretien du plastique. Ce mat\u00e9riau de terrasse offre un choix polyvalent et attrayant pour les espaces ext\u00e9rieurs r\u00e9sidentiels et commerciaux.<\/p>\n\n\n\n<div style=\"height:20px\" aria-hidden=\"true\" class=\"wp-block-spacer\"><\/div>\n\n\n\n<h2 class=\"wp-block-heading\">LES SP\u00c9CIFICATIONS<\/h2>\n\n\n<div class=\"gb-container gb-container-d8ffc39e\">\n\n<div class=\"wp-block-gutena-tabs gutena-tabs-block gutena-tabs-block-4e1d53-1d\"><ul class=\"gutena-tabs-tab tab-left\"><li class=\"gutena-tab-title active\" data-tab=\"1\"><div class=\"gutena-tab-title-content icon-top\"><div class=\"gutena-tab-title-text\"><div><strong>CARACT\u00c9RISTIQUES<\/strong><\/div><\/div><\/div><\/li><li class=\"gutena-tab-title inactive\" data-tab=\"2\"><div class=\"gutena-tab-title-content icon-top\"><div class=\"gutena-tab-title-text\"><div><strong>MAT\u00c9RIELLE<\/strong><\/div><\/div><\/div><\/li><li class=\"gutena-tab-title inactive\" data-tab=\"3\"><div class=\"gutena-tab-title-content icon-top\"><div class=\"gutena-tab-title-text\"><div><strong>COULEUR ET FINITION<\/strong><\/div><\/div><\/div><\/li><\/ul><div class=\"gutena-tabs-content is-layout-flow wp-block-gutena-tabs-is-layout-flow\">\n<div class=\"wp-block-gutena-tab gutena-tab-block gutena-tab-block-dfe1a7-d7 active\" data-tab=\"1\">\n<ul class=\"wp-block-list\">\n<li><strong>Aspect naturel<\/strong><\/li>\n\n\n\n<li><strong>R\u00e9sistance aux intemp\u00e9ries<\/strong><\/li>\n\n\n\n<li><strong>Faible entretien<\/strong><\/li>\n\n\n\n<li><strong>R\u00e9sistance \u00e0 la pourriture et aux insectes<\/strong><\/li>\n\n\n\n<li><strong>Conception personnalisable<\/strong><\/li>\n\n\n\n<li><strong>Installation facile<\/strong><\/li>\n<\/ul>\n<\/div>\n\n\n\n<div class=\"wp-block-gutena-tab gutena-tab-block gutena-tab-block-f5602a-fd inactive\" data-tab=\"2\">\n<ul class=\"wp-block-list\">\n<li><strong>Les produits composites bois-plastique WPC, un m\u00e9lange de fibres de bois et de mat\u00e9riaux \u00e0 base de plastique,<\/strong><\/li>\n<\/ul>\n<\/div>\n\n\n\n<div class=\"wp-block-gutena-tab gutena-tab-block gutena-tab-block-84235c-c7 inactive\" data-tab=\"3\">\n<ul class=\"wp-block-list\">\n<li><strong>Brun bois, noir et gris<\/strong><\/li>\n<\/ul>\n<\/div>\n<\/div><\/div>\n\n<\/div><\/div>\n<\/div>\n\n<\/div>\n\n<div class=\"gb-container gb-container-8336af04 alignwide\">\n\n<div style=\"height:20px\" aria-hidden=\"true\" class=\"wp-block-spacer\"><\/div>\n\n\n\n<h2 class=\"wp-block-heading has-text-align-center\">\u00catre inspir\u00e9<\/h2>\n\n\n\n<div style=\"height:auto;width:100%\" class=\"superblockslider \" data-transition-duration=\".6s\" data-animation=\"cubic-bezier(0.4, 0, 0.2, 1)\" data-transition-effect=\"fade\" data-autoplay-interval=\"3s\" data-slide-navigation=\"none\" data-variable-height=\"true\"><div class=\"superblockslider__window\"><div class=\"superblockslider__track\">\n<div class=\"wp-block-superblockslider-slide superblockslider__slide superblockslider__slide--active\" data-slide-index=\"0\" style=\"transition-duration:.6s;transition-timing-function:cubic-bezier(0.4, 0, 0.2, 1)\"><div class=\"superblockslider__slide__bg\"><img fetchpriority=\"high\" decoding=\"async\" class=\"image--xl visible--xl visible--sm visible--md visible--lg\" src=\"https:\/\/mont-river.ca\/wp-content\/uploads\/2023\/11\/Deck.jpg\" width=\"1920\" height=\"1080\" title=\"Deck\" alt=\"\" loading=\"eager\" srcset=\"https:\/\/mont-river.ca\/wp-content\/uploads\/2023\/11\/Deck-150x150.jpg 150w,https:\/\/mont-river.ca\/wp-content\/uploads\/2023\/11\/Deck-300x169.jpg 300w,https:\/\/mont-river.ca\/wp-content\/uploads\/2023\/11\/Deck-1024x576.jpg 1024w,https:\/\/mont-river.ca\/wp-content\/uploads\/2023\/11\/Deck.jpg 1920w,\" sizes=\"(max-width: 1920px) 100vw, 1920px\" style=\"object-fit:contain;object-position:50% 50%\"\/><\/div><div class=\"superblockslider__slide__overlay\"><\/div><div class=\"superblockslider__slide_inner\"><div class=\"inner-blocks\"><\/div><\/div><\/div>\n\n\n\n<div class=\"wp-block-superblockslider-slide superblockslider__slide\" data-slide-index=\"1\" style=\"transition-duration:.6s;transition-timing-function:cubic-bezier(0.4, 0, 0.2, 1)\"><div class=\"superblockslider__slide__bg\"><img decoding=\"async\" class=\"image--xl visible--xl visible--sm visible--md visible--lg\" src=\"https:\/\/mont-river.ca\/wp-content\/uploads\/2023\/11\/Deck-8.jpg\" width=\"1920\" height=\"1080\" title=\"Deck (8)\" alt=\"\" loading=\"eager\" srcset=\"https:\/\/mont-river.ca\/wp-content\/uploads\/2023\/11\/Deck-8-150x150.jpg 150w,https:\/\/mont-river.ca\/wp-content\/uploads\/2023\/11\/Deck-8-300x169.jpg 300w,https:\/\/mont-river.ca\/wp-content\/uploads\/2023\/11\/Deck-8-1024x576.jpg 1024w,https:\/\/mont-river.ca\/wp-content\/uploads\/2023\/11\/Deck-8.jpg 1920w,\" sizes=\"(max-width: 1920px) 100vw, 1920px\" style=\"object-fit:contain;object-position:50% 50%\"\/><\/div><div class=\"superblockslider__slide__overlay\"><\/div><div class=\"superblockslider__slide_inner\"><div class=\"inner-blocks\"><\/div><\/div><\/div>\n\n\n\n<div class=\"wp-block-superblockslider-slide superblockslider__slide\" data-slide-index=\"2\" style=\"transition-duration:.6s;transition-timing-function:cubic-bezier(0.4, 0, 0.2, 1)\"><div class=\"superblockslider__slide__bg\"><img decoding=\"async\" class=\"image--xl visible--xl visible--sm visible--md visible--lg\" src=\"https:\/\/mont-river.ca\/wp-content\/uploads\/2023\/11\/Deck-7.jpg\" width=\"1920\" height=\"1080\" title=\"Deck (7)\" alt=\"\" loading=\"eager\" srcset=\"https:\/\/mont-river.ca\/wp-content\/uploads\/2023\/11\/Deck-7-150x150.jpg 150w,https:\/\/mont-river.ca\/wp-content\/uploads\/2023\/11\/Deck-7-300x169.jpg 300w,https:\/\/mont-river.ca\/wp-content\/uploads\/2023\/11\/Deck-7-1024x576.jpg 1024w,https:\/\/mont-river.ca\/wp-content\/uploads\/2023\/11\/Deck-7.jpg 1920w,\" sizes=\"(max-width: 1920px) 100vw, 1920px\" style=\"object-fit:contain;object-position:50% 50%\"\/><\/div><div class=\"superblockslider__slide__overlay\"><\/div><div class=\"superblockslider__slide_inner\"><div class=\"inner-blocks\"><\/div><\/div><\/div>\n\n\n\n<div class=\"wp-block-superblockslider-slide superblockslider__slide\" data-slide-index=\"3\" style=\"transition-duration:.6s;transition-timing-function:cubic-bezier(0.4, 0, 0.2, 1)\"><div class=\"superblockslider__slide__bg\"><img decoding=\"async\" class=\"image--xl visible--xl visible--sm visible--md visible--lg\" src=\"https:\/\/mont-river.ca\/wp-content\/uploads\/2023\/11\/Deck-6.jpg\" width=\"1920\" height=\"1080\" title=\"Deck (6)\" alt=\"\" loading=\"eager\" srcset=\"https:\/\/mont-river.ca\/wp-content\/uploads\/2023\/11\/Deck-6-150x150.jpg 150w,https:\/\/mont-river.ca\/wp-content\/uploads\/2023\/11\/Deck-6-300x169.jpg 300w,https:\/\/mont-river.ca\/wp-content\/uploads\/2023\/11\/Deck-6-1024x576.jpg 1024w,https:\/\/mont-river.ca\/wp-content\/uploads\/2023\/11\/Deck-6.jpg 1920w,\" sizes=\"(max-width: 1920px) 100vw, 1920px\" style=\"object-fit:contain;object-position:50% 50%\"\/><\/div><div class=\"superblockslider__slide__overlay\"><\/div><div class=\"superblockslider__slide_inner\"><div class=\"inner-blocks\"><\/div><\/div><\/div>\n\n\n\n<div class=\"wp-block-superblockslider-slide superblockslider__slide\" data-slide-index=\"4\" style=\"transition-duration:.6s;transition-timing-function:cubic-bezier(0.4, 0, 0.2, 1)\"><div class=\"superblockslider__slide__bg\"><img decoding=\"async\" class=\"image--xl visible--xl visible--sm visible--md visible--lg\" src=\"https:\/\/mont-river.ca\/wp-content\/uploads\/2023\/11\/Deck-5.jpg\" width=\"1920\" height=\"1080\" title=\"Deck (5)\" alt=\"\" loading=\"eager\" srcset=\"https:\/\/mont-river.ca\/wp-content\/uploads\/2023\/11\/Deck-5-150x150.jpg 150w,https:\/\/mont-river.ca\/wp-content\/uploads\/2023\/11\/Deck-5-300x169.jpg 300w,https:\/\/mont-river.ca\/wp-content\/uploads\/2023\/11\/Deck-5-1024x576.jpg 1024w,https:\/\/mont-river.ca\/wp-content\/uploads\/2023\/11\/Deck-5.jpg 1920w,\" sizes=\"(max-width: 1920px) 100vw, 1920px\" style=\"object-fit:contain;object-position:50% 50%\"\/><\/div><div class=\"superblockslider__slide__overlay\"><\/div><div class=\"superblockslider__slide_inner\"><div class=\"inner-blocks\"><\/div><\/div><\/div>\n\n\n\n<div class=\"wp-block-superblockslider-slide superblockslider__slide\" data-slide-index=\"5\" style=\"transition-duration:.6s;transition-timing-function:cubic-bezier(0.4, 0, 0.2, 1)\"><div class=\"superblockslider__slide__bg\"><img decoding=\"async\" class=\"image--xl visible--xl visible--sm visible--md visible--lg\" src=\"https:\/\/mont-river.ca\/wp-content\/uploads\/2023\/11\/Deck-4.jpg\" width=\"1920\" height=\"1080\" title=\"Deck (4)\" alt=\"\" loading=\"eager\" srcset=\"https:\/\/mont-river.ca\/wp-content\/uploads\/2023\/11\/Deck-4-150x150.jpg 150w,https:\/\/mont-river.ca\/wp-content\/uploads\/2023\/11\/Deck-4-300x169.jpg 300w,https:\/\/mont-river.ca\/wp-content\/uploads\/2023\/11\/Deck-4-1024x576.jpg 1024w,https:\/\/mont-river.ca\/wp-content\/uploads\/2023\/11\/Deck-4.jpg 1920w,\" sizes=\"(max-width: 1920px) 100vw, 1920px\" style=\"object-fit:contain;object-position:50% 50%\"\/><\/div><div class=\"superblockslider__slide__overlay\"><\/div><div class=\"superblockslider__slide_inner\"><div class=\"inner-blocks\"><\/div><\/div><\/div>\n\n\n\n<div class=\"wp-block-superblockslider-slide superblockslider__slide\" data-slide-index=\"6\" style=\"transition-duration:.6s;transition-timing-function:cubic-bezier(0.4, 0, 0.2, 1)\"><div class=\"superblockslider__slide__bg\"><img decoding=\"async\" class=\"image--xl visible--xl visible--sm visible--md visible--lg\" src=\"https:\/\/mont-river.ca\/wp-content\/uploads\/2023\/11\/Deck-3.jpg\" width=\"1920\" height=\"1080\" title=\"Deck (3)\" alt=\"\" loading=\"eager\" srcset=\"https:\/\/mont-river.ca\/wp-content\/uploads\/2023\/11\/Deck-3-150x150.jpg 150w,https:\/\/mont-river.ca\/wp-content\/uploads\/2023\/11\/Deck-3-300x169.jpg 300w,https:\/\/mont-river.ca\/wp-content\/uploads\/2023\/11\/Deck-3-1024x576.jpg 1024w,https:\/\/mont-river.ca\/wp-content\/uploads\/2023\/11\/Deck-3.jpg 1920w,\" sizes=\"(max-width: 1920px) 100vw, 1920px\" style=\"object-fit:contain;object-position:50% 50%\"\/><\/div><div class=\"superblockslider__slide__overlay\"><\/div><div class=\"superblockslider__slide_inner\"><div class=\"inner-blocks\"><\/div><\/div><\/div>\n\n\n\n<div class=\"wp-block-superblockslider-slide superblockslider__slide\" data-slide-index=\"7\" style=\"transition-duration:.6s;transition-timing-function:cubic-bezier(0.4, 0, 0.2, 1)\"><div class=\"superblockslider__slide__bg\"><img decoding=\"async\" class=\"image--xl visible--xl visible--sm visible--md visible--lg\" src=\"https:\/\/mont-river.ca\/wp-content\/uploads\/2023\/11\/Deck-2.jpg\" width=\"1920\" height=\"1080\" title=\"Deck (2)\" alt=\"\" loading=\"eager\" srcset=\"https:\/\/mont-river.ca\/wp-content\/uploads\/2023\/11\/Deck-2-150x150.jpg 150w,https:\/\/mont-river.ca\/wp-content\/uploads\/2023\/11\/Deck-2-300x169.jpg 300w,https:\/\/mont-river.ca\/wp-content\/uploads\/2023\/11\/Deck-2-1024x576.jpg 1024w,https:\/\/mont-river.ca\/wp-content\/uploads\/2023\/11\/Deck-2.jpg 1920w,\" sizes=\"(max-width: 1920px) 100vw, 1920px\" style=\"object-fit:contain;object-position:50% 50%\"\/><\/div><div class=\"superblockslider__slide__overlay\"><\/div><div class=\"superblockslider__slide_inner\"><div class=\"inner-blocks\"><\/div><\/div><\/div>\n\n\n\n<div class=\"wp-block-superblockslider-slide superblockslider__slide\" data-slide-index=\"8\" style=\"transition-duration:.6s;transition-timing-function:cubic-bezier(0.4, 0, 0.2, 1)\"><div class=\"superblockslider__slide__bg\"><img decoding=\"async\" class=\"image--xl visible--xl visible--sm visible--md visible--lg\" src=\"https:\/\/mont-river.ca\/wp-content\/uploads\/2023\/11\/Deck-9.jpg\" width=\"1920\" height=\"1080\" title=\"Deck (9)\" alt=\"\" loading=\"eager\" srcset=\"https:\/\/mont-river.ca\/wp-content\/uploads\/2023\/11\/Deck-9-150x150.jpg 150w,https:\/\/mont-river.ca\/wp-content\/uploads\/2023\/11\/Deck-9-300x169.jpg 300w,https:\/\/mont-river.ca\/wp-content\/uploads\/2023\/11\/Deck-9-1024x576.jpg 1024w,https:\/\/mont-river.ca\/wp-content\/uploads\/2023\/11\/Deck-9.jpg 1920w,\" sizes=\"(max-width: 1920px) 100vw, 1920px\" style=\"object-fit:contain;object-position:50% 50%\"\/><\/div><div class=\"superblockslider__slide__overlay\"><\/div><div class=\"superblockslider__slide_inner\"><div class=\"inner-blocks\"><\/div><\/div><\/div>\n<\/div><\/div><div class=\"superblockslider__controls superblockslider__navigation\"><button class=\"superblockslider__button__navigation superblockslider__button__previous\" aria-label=\"Previous slide\"><span class=\"superblockslider__button__previous--icon\"><svg width=\"85\" height=\"85\" xmlns=\"http:\/\/www.w3.org\/2000\/svg\" viewBox=\"0 0 85 85\" role=\"img\" aria-hidden=\"true\" focusable=\"false\"><path d=\"M58.3,21.7l-5-4.2l-22.5,25l22.5,25l5-4.2L39.2,42.5L58.3,21.7z\" style=\"fill:var(u002du002daccent-3)\"><\/path><\/svg><\/span><\/button><button class=\"superblockslider__button__navigation superblockslider__button__next\" aria-label=\"Next slide\"><span class=\"superblockslider__button__next--icon\"><svg width=\"85\" height=\"85\" xmlns=\"http:\/\/www.w3.org\/2000\/svg\" viewBox=\"0 0 85 85\" role=\"img\" aria-hidden=\"true\" focusable=\"false\"><path d=\"M31.7,17.5l-5,4.2l19.2,20.8L26.7,63.3l5,4.2l22.5-25L31.7,17.5z\" style=\"fill:var(u002du002daccent-3)\"><\/path><\/svg><\/span><\/button><\/div><\/div>\n\n<\/div>","protected":false},"excerpt":{"rendered":"<p>DESCRIPTION WPC Decking, ou Wood-Plastic Composite Decking, repr\u00e9sente une solution de terrasse innovante et durable &#8230; <a title=\"PONT WPC\" class=\"read-more\" href=\"https:\/\/mont-river.ca\/fr\/composite-bois-plastique-wpc\/pont-wpc\/\" aria-label=\"En savoir plus sur PONT WPC\">Lire plus<\/a><\/p>\n","protected":false},"author":1,"featured_media":1604,"parent":1872,"menu_order":0,"comment_status":"closed","ping_status":"closed","template":"","meta":{"footnotes":""},"class_list":["post-1887","page","type-page","status-publish","has-post-thumbnail"],"_links":{"self":[{"href":"https:\/\/mont-river.ca\/fr\/wp-json\/wp\/v2\/pages\/1887\/"}],"collection":[{"href":"https:\/\/mont-river.ca\/fr\/wp-json\/wp\/v2\/pages\/"}],"about":[{"href":"https:\/\/mont-river.ca\/fr\/wp-json\/wp\/v2\/types\/page\/"}],"author":[{"embeddable":true,"href":"https:\/\/mont-river.ca\/fr\/wp-json\/wp\/v2\/users\/1\/"}],"replies":[{"embeddable":true,"href":"https:\/\/mont-river.ca\/fr\/wp-json\/wp\/v2\/comments\/?post=1887"}],"version-history":[{"count":1,"href":"https:\/\/mont-river.ca\/fr\/wp-json\/wp\/v2\/pages\/1887\/revisions\/"}],"predecessor-version":[{"id":2510,"href":"https:\/\/mont-river.ca\/fr\/wp-json\/wp\/v2\/pages\/1887\/revisions\/2510\/"}],"up":[{"embeddable":true,"href":"https:\/\/mont-river.ca\/fr\/wp-json\/wp\/v2\/pages\/1872\/"}],"wp:featuredmedia":[{"embeddable":true,"href":"https:\/\/mont-river.ca\/fr\/wp-json\/wp\/v2\/media\/1604\/"}],"wp:attachment":[{"href":"https:\/\/mont-river.ca\/fr\/wp-json\/wp\/v2\/media\/?parent=1887"}],"curies":[{"name":"wp","href":"https:\/\/api.w.org\/{rel}","templated":true}]}}