{"id":1877,"date":"2023-11-15T14:58:55","date_gmt":"2023-11-15T14:58:55","guid":{"rendered":"https:\/\/mont-river.ca\/?page_id=1877"},"modified":"2025-01-05T03:11:21","modified_gmt":"2025-01-05T03:11:21","slug":"mtb-tremblant","status":"publish","type":"page","link":"https:\/\/mont-river.ca\/fr\/armoires-de-cuisine\/mtb-tremblant\/","title":{"rendered":"MTB-TREMBLANT"},"content":{"rendered":"<div class=\"gb-container gb-container-522a5c6e\">\n\n<div class=\"wp-block-columns is-layout-flex wp-container-core-columns-is-layout-9d6595d7 wp-block-columns-is-layout-flex\">\n<div class=\"wp-block-column is-vertically-aligned-center is-layout-flow wp-block-column-is-layout-flow\" style=\"flex-basis:33.33%\"><div class=\"wp-block-image\">\n<figure class=\"aligncenter size-full is-resized\"><img loading=\"lazy\" decoding=\"async\" width=\"260\" height=\"426\" src=\"https:\/\/mont-river.ca\/wp-content\/uploads\/2023\/11\/mtb-1.png\" alt=\"\" class=\"wp-image-1342\" style=\"width:180px\" srcset=\"https:\/\/mont-river.ca\/wp-content\/uploads\/2023\/11\/mtb-1.png 260w, https:\/\/mont-river.ca\/wp-content\/uploads\/2023\/11\/mtb-1-183x300.png 183w\" sizes=\"auto, (max-width: 260px) 100vw, 260px\" \/><\/figure>\n<\/div>\n\n\n<a class=\"gb-button gb-button-a8c22e95\" href=\"https:\/\/mont-river.ca\/wp-content\/uploads\/2023\/11\/2-FramedCabinets-Catalog.pdf\" target=\"_blank\" rel=\"noopener noreferrer\"><span class=\"gb-button-text\">Voir nos catalogues<\/span><span class=\"gb-icon\"><svg viewBox=\"0 0 330 330\" xmlns=\"http:\/\/www.w3.org\/2000\/svg\"><path d=\"M15 180h263.787l-49.394 49.394c-5.858 5.857-5.858 15.355 0 21.213C232.322 253.535 236.161 255 240 255s7.678-1.465 10.606-4.394l75-75c5.858-5.857 5.858-15.355 0-21.213l-75-75c-5.857-5.857-15.355-5.857-21.213 0-5.858 5.857-5.858 15.355 0 21.213L278.787 150H15c-8.284 0-15 6.716-15 15s6.716 15 15 15z\"><\/path><\/svg><\/span><\/a>\n<\/div>\n\n\n\n<div class=\"wp-block-column is-layout-flow wp-block-column-is-layout-flow\" style=\"flex-basis:66.66%\">\n<h2 class=\"wp-block-heading\">DESCRIPTION<\/h2>\n\n\n\n<p>Mont Tremblant est une station quatre saisons de premier ordre dans les Laurentides au Qu\u00e9bec, \u00e0 130 km de Montr\u00e9al. Exploit\u00e9 par Alterra Mountain Co., il propose du ski de classe mondiale en hiver avec 96 pistes r\u00e9parties sur quatre faces pour tous les niveaux. En \u00e9t\u00e9, vous pourrez profiter du golf, de la randonn\u00e9e, du v\u00e9lo et des activit\u00e9s sur le lac. Le village pi\u00e9tonnier \u00e9voque le charme du vieux Qu\u00e9bec avec ses rues pav\u00e9es, ses galeries, ses restaurants et ses boutiques. Avec un terrain de ski exceptionnel, des vues sur les montagnes et un d\u00e9cor typiquement qu\u00e9b\u00e9cois, Tremblant offre une exp\u00e9rience de station de montagne in\u00e9gal\u00e9e toute l&rsquo;ann\u00e9e.<\/p>\n\n\n\n<div style=\"height:20px\" aria-hidden=\"true\" class=\"wp-block-spacer\"><\/div>\n\n\n\n<h2 class=\"wp-block-heading\">LES SP\u00c9CIFICATIONS<\/h2>\n\n\n<div class=\"gb-container gb-container-d8ffc39e\">\n\n<div class=\"wp-block-gutena-tabs gutena-tabs-block gutena-tabs-block-b4d6dc-68\"><ul class=\"gutena-tabs-tab tab-left\"><li class=\"gutena-tab-title active\" data-tab=\"1\"><div class=\"gutena-tab-title-content icon-top\"><div class=\"gutena-tab-title-text\"><div><strong>CARACT\u00c9RISTIQUES<\/strong><\/div><\/div><\/div><\/li><li class=\"gutena-tab-title inactive\" data-tab=\"2\"><div class=\"gutena-tab-title-content icon-top\"><div class=\"gutena-tab-title-text\"><div><strong>MAT\u00c9RIELLE<\/strong><\/div><\/div><\/div><\/li><li class=\"gutena-tab-title inactive\" data-tab=\"3\"><div class=\"gutena-tab-title-content icon-top\"><div class=\"gutena-tab-title-text\"><div><strong>COULEUR ET FINITION<\/strong><\/div><\/div><\/div><\/li><li class=\"gutena-tab-title inactive\" data-tab=\"4\"><div class=\"gutena-tab-title-content icon-top\"><div class=\"gutena-tab-title-text\"><div><strong>STYLE DE PORTE EN VERRE<\/strong><\/div><\/div><\/div><\/li><li class=\"gutena-tab-title inactive\" data-tab=\"5\"><div class=\"gutena-tab-title-content icon-top\"><div class=\"gutena-tab-title-text\"><div><strong>CONCEPTION\u00a0<\/strong><\/div><\/div><\/div><\/li><\/ul><div class=\"gutena-tabs-content is-layout-flow wp-block-gutena-tabs-is-layout-flow\">\n<div class=\"wp-block-gutena-tab gutena-tab-block gutena-tab-block-8459c5-66 active\" data-tab=\"1\">\n<ul class=\"wp-block-list\">\n<li><strong>Cadre de porte en bois de bouleau massif de 3\/4&Prime; d&rsquo;\u00e9paisseur<\/strong><\/li>\n\n\n\n<li><strong>Contreplaqu\u00e9 de qualit\u00e9 3\/4&Prime; plaqu\u00e9 bouleau<\/strong><\/li>\n\n\n\n<li><strong>\u00c9tag\u00e8res murales et de base pleine profondeur<\/strong><\/li>\n\n\n\n<li><strong>Rail de fermeture en douceur \u00e0 extension compl\u00e8te<\/strong><\/li>\n\n\n\n<li><strong>Charni\u00e8re europ\u00e9enne \u00e0 fermeture douce \u00e0 clipser<\/strong><\/li>\n<\/ul>\n<\/div>\n\n\n\n<div class=\"wp-block-gutena-tab gutena-tab-block gutena-tab-block-39ca0b-fc inactive\" data-tab=\"2\">\n<ul class=\"wp-block-list\">\n<li><strong><strong>Porte en bouleau massif teint\u00e9 Espresso<\/strong><\/strong><\/li>\n<\/ul>\n<\/div>\n\n\n\n<div class=\"wp-block-gutena-tab gutena-tab-block gutena-tab-block-02b8e5-d8 inactive\" data-tab=\"3\">\n<p style=\"margin-top:0;margin-bottom:0\"><strong><strong>EXPRESSO<\/strong><\/strong><\/p>\n<\/div>\n\n\n\n<div class=\"wp-block-gutena-tab gutena-tab-block gutena-tab-block-830fed-b9 inactive\" data-tab=\"4\">\n<p style=\"margin-top:0;margin-bottom:0\">Cadre de porte de style simple avec verre transparent \u00e0 un seul vitrage.<\/p>\n<\/div>\n\n\n\n<div class=\"wp-block-gutena-tab gutena-tab-block gutena-tab-block-28539b-61 inactive\" data-tab=\"5\">\n<ul class=\"wp-block-list\">\n<li><strong>Armoires de transition<\/strong><\/li>\n<\/ul>\n<\/div>\n<\/div><\/div>\n\n<\/div><\/div>\n<\/div>\n\n<\/div>\n\n<div class=\"gb-container gb-container-8336af04 alignwide\">\n\n<div style=\"height:20px\" aria-hidden=\"true\" class=\"wp-block-spacer\"><\/div>\n\n\n\n<h2 class=\"wp-block-heading has-text-align-center\">\u00catre inspir\u00e9<\/h2>\n\n\n\n<div style=\"height:auto;width:100%\" class=\"superblockslider \" data-transition-duration=\".6s\" data-animation=\"cubic-bezier(0.4, 0, 0.2, 1)\" data-transition-effect=\"fade\" data-autoplay-interval=\"3s\" data-slide-navigation=\"none\" data-variable-height=\"true\"><div class=\"superblockslider__window\"><div class=\"superblockslider__track\">\n<div class=\"wp-block-superblockslider-slide superblockslider__slide superblockslider__slide--active\" data-slide-index=\"0\" style=\"transition-duration:.6s;transition-timing-function:cubic-bezier(0.4, 0, 0.2, 1)\"><div class=\"superblockslider__slide__bg\"><img fetchpriority=\"high\" decoding=\"async\" class=\"image--xl visible--xl visible--sm visible--md visible--lg\" src=\"https:\/\/mont-river.ca\/wp-content\/uploads\/2023\/11\/MTB-2.jpg\" width=\"1920\" height=\"1080\" title=\"MTB (2)\" alt=\"\" loading=\"eager\" srcset=\"https:\/\/mont-river.ca\/wp-content\/uploads\/2023\/11\/MTB-2-150x150.jpg 150w,https:\/\/mont-river.ca\/wp-content\/uploads\/2023\/11\/MTB-2-300x169.jpg 300w,https:\/\/mont-river.ca\/wp-content\/uploads\/2023\/11\/MTB-2-1024x576.jpg 1024w,https:\/\/mont-river.ca\/wp-content\/uploads\/2023\/11\/MTB-2.jpg 1920w,\" sizes=\"(max-width: 1920px) 100vw, 1920px\" style=\"object-fit:contain;object-position:50% 50%\"\/><\/div><div class=\"superblockslider__slide__overlay\"><\/div><div class=\"superblockslider__slide_inner\"><div class=\"inner-blocks\"><\/div><\/div><\/div>\n\n\n\n<div class=\"wp-block-superblockslider-slide superblockslider__slide\" data-slide-index=\"1\" style=\"transition-duration:.6s;transition-timing-function:cubic-bezier(0.4, 0, 0.2, 1)\"><div class=\"superblockslider__slide__bg\"><img decoding=\"async\" class=\"image--xl visible--xl visible--sm visible--md visible--lg\" src=\"https:\/\/mont-river.ca\/wp-content\/uploads\/2023\/11\/MTB-3.jpg\" width=\"1920\" height=\"1080\" title=\"MTB (3)\" alt=\"\" loading=\"eager\" srcset=\"https:\/\/mont-river.ca\/wp-content\/uploads\/2023\/11\/MTB-3-150x150.jpg 150w,https:\/\/mont-river.ca\/wp-content\/uploads\/2023\/11\/MTB-3-300x169.jpg 300w,https:\/\/mont-river.ca\/wp-content\/uploads\/2023\/11\/MTB-3-1024x576.jpg 1024w,https:\/\/mont-river.ca\/wp-content\/uploads\/2023\/11\/MTB-3.jpg 1920w,\" sizes=\"(max-width: 1920px) 100vw, 1920px\" style=\"object-fit:contain;object-position:50% 50%\"\/><\/div><div class=\"superblockslider__slide__overlay\"><\/div><div class=\"superblockslider__slide_inner\"><div class=\"inner-blocks\"><\/div><\/div><\/div>\n\n\n\n<div class=\"wp-block-superblockslider-slide superblockslider__slide\" data-slide-index=\"2\" style=\"transition-duration:.6s;transition-timing-function:cubic-bezier(0.4, 0, 0.2, 1)\"><div class=\"superblockslider__slide__bg\"><img decoding=\"async\" class=\"image--xl visible--xl visible--sm visible--md visible--lg\" src=\"https:\/\/mont-river.ca\/wp-content\/uploads\/2023\/11\/MTB-4.jpg\" width=\"1920\" height=\"1080\" title=\"MTB (4)\" alt=\"\" loading=\"eager\" srcset=\"https:\/\/mont-river.ca\/wp-content\/uploads\/2023\/11\/MTB-4-150x150.jpg 150w,https:\/\/mont-river.ca\/wp-content\/uploads\/2023\/11\/MTB-4-300x169.jpg 300w,https:\/\/mont-river.ca\/wp-content\/uploads\/2023\/11\/MTB-4-1024x576.jpg 1024w,https:\/\/mont-river.ca\/wp-content\/uploads\/2023\/11\/MTB-4.jpg 1920w,\" sizes=\"(max-width: 1920px) 100vw, 1920px\" style=\"object-fit:contain;object-position:50% 50%\"\/><\/div><div class=\"superblockslider__slide__overlay\"><\/div><div class=\"superblockslider__slide_inner\"><div class=\"inner-blocks\"><\/div><\/div><\/div>\n\n\n\n<div class=\"wp-block-superblockslider-slide superblockslider__slide\" data-slide-index=\"3\" style=\"transition-duration:.6s;transition-timing-function:cubic-bezier(0.4, 0, 0.2, 1)\"><div class=\"superblockslider__slide__bg\"><img decoding=\"async\" class=\"image--xl visible--xl visible--sm visible--md visible--lg\" src=\"https:\/\/mont-river.ca\/wp-content\/uploads\/2023\/11\/MTB-5.jpg\" width=\"1920\" height=\"1080\" title=\"MTB (5)\" alt=\"\" loading=\"eager\" srcset=\"https:\/\/mont-river.ca\/wp-content\/uploads\/2023\/11\/MTB-5-150x150.jpg 150w,https:\/\/mont-river.ca\/wp-content\/uploads\/2023\/11\/MTB-5-300x169.jpg 300w,https:\/\/mont-river.ca\/wp-content\/uploads\/2023\/11\/MTB-5-1024x576.jpg 1024w,https:\/\/mont-river.ca\/wp-content\/uploads\/2023\/11\/MTB-5.jpg 1920w,\" sizes=\"(max-width: 1920px) 100vw, 1920px\" style=\"object-fit:contain;object-position:50% 50%\"\/><\/div><div class=\"superblockslider__slide__overlay\"><\/div><div class=\"superblockslider__slide_inner\"><div class=\"inner-blocks\"><\/div><\/div><\/div>\n\n\n\n<div class=\"wp-block-superblockslider-slide superblockslider__slide\" data-slide-index=\"4\" style=\"transition-duration:.6s;transition-timing-function:cubic-bezier(0.4, 0, 0.2, 1)\"><div class=\"superblockslider__slide__bg\"><img decoding=\"async\" class=\"image--xl visible--xl visible--sm visible--md visible--lg\" src=\"https:\/\/mont-river.ca\/wp-content\/uploads\/2023\/11\/MTB.jpg\" width=\"1920\" height=\"1080\" title=\"MTB\" alt=\"\" loading=\"eager\" srcset=\"https:\/\/mont-river.ca\/wp-content\/uploads\/2023\/11\/MTB-150x150.jpg 150w,https:\/\/mont-river.ca\/wp-content\/uploads\/2023\/11\/MTB-300x169.jpg 300w,https:\/\/mont-river.ca\/wp-content\/uploads\/2023\/11\/MTB-1024x576.jpg 1024w,https:\/\/mont-river.ca\/wp-content\/uploads\/2023\/11\/MTB.jpg 1920w,\" sizes=\"(max-width: 1920px) 100vw, 1920px\" style=\"object-fit:contain;object-position:50% 50%\"\/><\/div><div class=\"superblockslider__slide__overlay\"><\/div><div class=\"superblockslider__slide_inner\"><div class=\"inner-blocks\"><\/div><\/div><\/div>\n<\/div><\/div><div class=\"superblockslider__controls superblockslider__navigation\"><button class=\"superblockslider__button__navigation superblockslider__button__previous\" aria-label=\"Previous slide\"><span class=\"superblockslider__button__previous--icon\"><svg width=\"85\" height=\"85\" xmlns=\"http:\/\/www.w3.org\/2000\/svg\" viewBox=\"0 0 85 85\" role=\"img\" aria-hidden=\"true\" focusable=\"false\"><path d=\"M58.3,21.7l-5-4.2l-22.5,25l22.5,25l5-4.2L39.2,42.5L58.3,21.7z\" style=\"fill:var(u002du002daccent-3)\"><\/path><\/svg><\/span><\/button><button class=\"superblockslider__button__navigation superblockslider__button__next\" aria-label=\"Next slide\"><span class=\"superblockslider__button__next--icon\"><svg width=\"85\" height=\"85\" xmlns=\"http:\/\/www.w3.org\/2000\/svg\" viewBox=\"0 0 85 85\" role=\"img\" aria-hidden=\"true\" focusable=\"false\"><path d=\"M31.7,17.5l-5,4.2l19.2,20.8L26.7,63.3l5,4.2l22.5-25L31.7,17.5z\" style=\"fill:var(u002du002daccent-3)\"><\/path><\/svg><\/span><\/button><\/div><\/div>\n\n<\/div>","protected":false},"excerpt":{"rendered":"<p>DESCRIPTION Mont Tremblant est une station quatre saisons de premier ordre dans les Laurentides au &#8230; <a title=\"MTB-TREMBLANT\" class=\"read-more\" href=\"https:\/\/mont-river.ca\/fr\/armoires-de-cuisine\/mtb-tremblant\/\" aria-label=\"En savoir plus sur MTB-TREMBLANT\">Lire plus<\/a><\/p>\n","protected":false},"author":1,"featured_media":1500,"parent":1869,"menu_order":0,"comment_status":"closed","ping_status":"closed","template":"","meta":{"footnotes":""},"class_list":["post-1877","page","type-page","status-publish","has-post-thumbnail"],"_links":{"self":[{"href":"https:\/\/mont-river.ca\/fr\/wp-json\/wp\/v2\/pages\/1877\/"}],"collection":[{"href":"https:\/\/mont-river.ca\/fr\/wp-json\/wp\/v2\/pages\/"}],"about":[{"href":"https:\/\/mont-river.ca\/fr\/wp-json\/wp\/v2\/types\/page\/"}],"author":[{"embeddable":true,"href":"https:\/\/mont-river.ca\/fr\/wp-json\/wp\/v2\/users\/1\/"}],"replies":[{"embeddable":true,"href":"https:\/\/mont-river.ca\/fr\/wp-json\/wp\/v2\/comments\/?post=1877"}],"version-history":[{"count":1,"href":"https:\/\/mont-river.ca\/fr\/wp-json\/wp\/v2\/pages\/1877\/revisions\/"}],"predecessor-version":[{"id":2503,"href":"https:\/\/mont-river.ca\/fr\/wp-json\/wp\/v2\/pages\/1877\/revisions\/2503\/"}],"up":[{"embeddable":true,"href":"https:\/\/mont-river.ca\/fr\/wp-json\/wp\/v2\/pages\/1869\/"}],"wp:featuredmedia":[{"embeddable":true,"href":"https:\/\/mont-river.ca\/fr\/wp-json\/wp\/v2\/media\/1500\/"}],"wp:attachment":[{"href":"https:\/\/mont-river.ca\/fr\/wp-json\/wp\/v2\/media\/?parent=1877"}],"curies":[{"name":"wp","href":"https:\/\/api.w.org\/{rel}","templated":true}]}}