{"id":1872,"date":"2023-11-15T14:42:55","date_gmt":"2023-11-15T14:42:55","guid":{"rendered":"https:\/\/mont-river.ca\/?page_id=1872"},"modified":"2025-01-05T03:12:43","modified_gmt":"2025-01-05T03:12:43","slug":"composite-bois-plastique-wpc","status":"publish","type":"page","link":"https:\/\/mont-river.ca\/fr\/composite-bois-plastique-wpc\/","title":{"rendered":"Composite bois-plastique-WPC"},"content":{"rendered":"<div class=\"gb-container gb-container-301fdaa8 hide-on-mobile hide-on-tablet hide-on-desktop\">\n<div class=\"gb-container gb-container-26969626\">\n<div class=\"gb-grid-wrapper gb-grid-wrapper-48e94e48\">\n<div class=\"gb-grid-column gb-grid-column-348215a3\"><div class=\"gb-container gb-container-348215a3\">\n\n<h2 class=\"gb-headline gb-headline-83877a47\"><span class=\"gb-icon\"><svg aria-hidden=\"true\" role=\"img\" height=\"1em\" width=\"1em\" viewBox=\"0 0 640 512\" xmlns=\"http:\/\/www.w3.org\/2000\/svg\"><path fill=\"currentColor\" d=\"M497.941 225.941L286.059 14.059A48 48 0 0 0 252.118 0H48C21.49 0 0 21.49 0 48v204.118a48 48 0 0 0 14.059 33.941l211.882 211.882c18.744 18.745 49.136 18.746 67.882 0l204.118-204.118c18.745-18.745 18.745-49.137 0-67.882zM112 160c-26.51 0-48-21.49-48-48s21.49-48 48-48 48 21.49 48 48-21.49 48-48 48zm513.941 133.823L421.823 497.941c-18.745 18.745-49.137 18.745-67.882 0l-.36-.36L527.64 323.522c16.999-16.999 26.36-39.6 26.36-63.64s-9.362-46.641-26.36-63.64L331.397 0h48.721a48 48 0 0 1 33.941 14.059l211.882 211.882c18.745 18.745 18.745 49.137 0 67.882z\"><\/path><\/svg><\/span><span class=\"gb-headline-text\">12&nbsp;% de r\u00e9duction sur toutes les commandes de produits WPC<\/span><\/h2>\n\n\n\n<p class=\"gb-headline gb-headline-cdafa845 gb-headline-text\">&#8211; Offre sp\u00e9ciale \u00e0 dur\u00e9e limit\u00e9e, valable jusqu&rsquo;au 20 mai<\/p>\n\n<\/div><\/div>\n\n<div class=\"gb-grid-column gb-grid-column-5f532c9c\"><div class=\"gb-container gb-container-5f532c9c\">\n<div class=\"gb-container gb-container-5f558ca8\">\n\n<a class=\"gb-button gb-button-8aa839a0\" href=\"https:\/\/mont-river.ca\/fr\/a-propos\/#Contactez\" target=\"_blank\" rel=\"noopener noreferrer\"><span class=\"gb-button-text\">Obtenir un devis gratuit<\/span><span class=\"gb-icon\"><svg aria-hidden=\"true\" height=\"1em\" width=\"1em\" viewBox=\"0 0 512 512\" xmlns=\"http:\/\/www.w3.org\/2000\/svg\"><path fill=\"currentColor\" d=\"M440 6.5L24 246.4c-34.4 19.9-31.1 70.8 5.7 85.9L144 379.6V464c0 46.4 59.2 65.5 86.6 28.6l43.8-59.1 111.9 46.2c5.9 2.4 12.1 3.6 18.3 3.6 8.2 0 16.3-2.1 23.6-6.2 12.8-7.2 21.6-20 23.9-34.5l59.4-387.2c6.1-40.1-36.9-68.8-71.5-48.9zM192 464v-64.6l36.6 15.1L192 464zm212.6-28.7l-153.8-63.5L391 169.5c10.7-15.5-9.5-33.5-23.7-21.2L155.8 332.6 48 288 464 48l-59.4 387.3z\"><\/path><\/svg><\/span><\/a>\n\n<\/div>\n<\/div><\/div>\n<\/div>\n<\/div>\n<\/div>\n\n<section class=\"gb-container gb-container-872296e7\">\n\n<h2 class=\"gb-headline gb-headline-f6c525bd gb-headline-text\">Composite bois-plastique-WPC<\/h2>\n\n\n\n<h2 class=\"gb-headline gb-headline-6ccdb742 gb-headline-text\">Faible entretien | Durabilit\u00e9 | Durabilit\u00e9<\/h2>\n\n\n<div class=\"gb-grid-wrapper gb-grid-wrapper-55cbc38c\">\n<div class=\"gb-grid-column gb-grid-column-1fc2a4d9\"><div class=\"gb-container gb-container-1fc2a4d9\">\n<div class=\"gb-container gb-container-90f94ac5\">\n\n<div class=\"gb-headline gb-headline-8137a102\"><span class=\"gb-icon\"><svg viewBox=\"0 0 24 24\" height=\"24\" width=\"24\" xmlns=\"http:\/\/www.w3.org\/2000\/svg\"><path d=\"M6 20q-.425 0-.713-.288T5 19v-3H4q-.425 0-.713-.288T3 15q0-.425.288-.713T4 14h1v-2H4q-.425 0-.713-.288T3 11q0-.425.288-.713T4 10h1V7.425q0-.2.075-.387T5.3 6.7l2-2q.3-.3.7-.3t.7.3L10 6l1.3-1.3q.3-.3.713-.3t.712.3l1.3 1.3L15.3 4.7q.3-.3.713-.3t.712.3l2 2q.15.15.225.338t.075.387V10H20q.425 0 .713.288T21 11q0 .425-.288.713T20 12h-.975v2H20q.425 0 .713.288T21 15q0 .425-.288.713T20 16h-.975v3q0 .425-.288.713t-.712.287H6Zm1-10h2V7.825l-1-1l-1 1V10Zm4 0h2V7.825l-1-1l-1 1V10Zm4.025 0H17V7.825l-1-1l-.975.975V10ZM7 14h2v-2H7v2Zm4 0h2v-2h-2v2Zm4.025 0H17v-2h-1.975v2ZM7 18h2v-2H7v2Zm4 0h2v-2h-2v2Zm4.025 0H17v-2h-1.975v2Z\" fill=\"currentColor\"><\/path><\/svg><\/span><\/div>\n\n<\/div>\n\n\n<h2 class=\"gb-headline gb-headline-56243f1f gb-headline-text\"><a href=\"https:\/\/mont-river.ca\/fr\/composite-bois-plastique-wpc\/cloture-wpc\/\">CL\u00d4TURE WPC<\/a><\/h2>\n\n\n\n<a class=\"gb-button gb-button-8fb2467b\" href=\"https:\/\/mont-river.ca\/fr\/composite-bois-plastique-wpc\/cloture-wpc\/\" target=\"_blank\" rel=\"noopener noreferrer\"><span class=\"gb-button-text\">En savoir plus<\/span><span class=\"gb-icon\"><svg xmlns=\"http:\/\/www.w3.org\/2000\/svg\" viewBox=\"0 0 330 330\"><path d=\"M15 180h263.787l-49.394 49.394c-5.858 5.857-5.858 15.355 0 21.213C232.322 253.535 236.161 255 240 255s7.678-1.465 10.606-4.394l75-75c5.858-5.857 5.858-15.355 0-21.213l-75-75c-5.857-5.857-15.355-5.857-21.213 0-5.858 5.857-5.858 15.355 0 21.213L278.787 150H15c-8.284 0-15 6.716-15 15s6.716 15 15 15z\"><\/path><\/svg><\/span><\/a>\n\n<\/div><\/div>\n\n<div class=\"gb-grid-column gb-grid-column-ade7a991\"><div class=\"gb-container gb-container-ade7a991\">\n<div class=\"gb-container gb-container-e82afaab\">\n\n<div class=\"gb-headline gb-headline-6aea793b\"><span class=\"gb-icon\"><svg viewBox=\"0 0 24 24\" height=\"24\" width=\"24\" xmlns=\"http:\/\/www.w3.org\/2000\/svg\"><path d=\"M6 20q-.425 0-.713-.288T5 19v-3H4q-.425 0-.713-.288T3 15q0-.425.288-.713T4 14h1v-2H4q-.425 0-.713-.288T3 11q0-.425.288-.713T4 10h1V7.425q0-.2.075-.387T5.3 6.7l2-2q.3-.3.7-.3t.7.3L10 6l1.3-1.3q.3-.3.713-.3t.712.3l1.3 1.3L15.3 4.7q.3-.3.713-.3t.712.3l2 2q.15.15.225.338t.075.387V10H20q.425 0 .713.288T21 11q0 .425-.288.713T20 12h-.975v2H20q.425 0 .713.288T21 15q0 .425-.288.713T20 16h-.975v3q0 .425-.288.713t-.712.287H6Zm1-10h2V7.825l-1-1l-1 1V10Zm4 0h2V7.825l-1-1l-1 1V10Zm4.025 0H17V7.825l-1-1l-.975.975V10ZM7 14h2v-2H7v2Zm4 0h2v-2h-2v2Zm4.025 0H17v-2h-1.975v2ZM7 18h2v-2H7v2Zm4 0h2v-2h-2v2Zm4.025 0H17v-2h-1.975v2Z\" fill=\"currentColor\"><\/path><\/svg><\/span><\/div>\n\n<\/div>\n\n\n<h2 class=\"gb-headline gb-headline-f684ed2b gb-headline-text\"><a href=\"https:\/\/mont-river.ca\/fr\/composite-bois-plastique-wpc\/pont-wpc\/\">PONT WPC<\/a><\/h2>\n\n\n\n<a class=\"gb-button gb-button-b1566244\" href=\"https:\/\/mont-river.ca\/fr\/composite-bois-plastique-wpc\/pont-wpc\/\" target=\"_blank\" rel=\"noopener noreferrer\"><span class=\"gb-button-text\">En savoir plus<\/span><span class=\"gb-icon\"><svg xmlns=\"http:\/\/www.w3.org\/2000\/svg\" viewBox=\"0 0 330 330\"><path d=\"M15 180h263.787l-49.394 49.394c-5.858 5.857-5.858 15.355 0 21.213C232.322 253.535 236.161 255 240 255s7.678-1.465 10.606-4.394l75-75c5.858-5.857 5.858-15.355 0-21.213l-75-75c-5.857-5.857-15.355-5.857-21.213 0-5.858 5.857-5.858 15.355 0 21.213L278.787 150H15c-8.284 0-15 6.716-15 15s6.716 15 15 15z\"><\/path><\/svg><\/span><\/a>\n\n<\/div><\/div>\n<\/div>\n<\/section>\n\n<div class=\"gb-container gb-container-3df02d5e\">\n<div class=\"gb-container gb-container-20dd0eee\">\n<div class=\"gb-grid-wrapper gb-grid-wrapper-64fc347e\">\n<div class=\"gb-grid-column gb-grid-column-628b0366\"><div class=\"gb-container gb-container-628b0366\">\n\n<h2 class=\"gb-headline gb-headline-e3f623df\"><span class=\"gb-icon\"><svg viewBox=\"0 0 490 490\" xmlns=\"http:\/\/www.w3.org\/2000\/svg\"><path d=\"M0 439.576h490V50.424H0v389.152zM30.625 81.049h428.75v327.902H30.625V81.049z\"><\/path><path d=\"m213.627 266.395-36.11-41.73L65.66 353.933h358.68L281.107 188.42l-67.48 77.975zm-42.265 56.913h-38.71l44.85-51.848 44.881 51.848h-51.021zm91.513 0-29-33.513 47.231-54.579 76.241 88.093h-94.472zM211.481 208.235c21.713 0 39.368-17.625 39.368-39.261 0-21.667-17.655-39.277-39.368-39.277s-39.368 17.609-39.368 39.277c0 21.651 17.655 39.261 39.368 39.261zm0-47.928c4.823 0 8.743 3.889 8.743 8.652 0 4.762-3.92 8.636-8.743 8.636-4.824 0-8.743-3.874-8.743-8.636 0-4.763 3.92-8.652 8.743-8.652z\"><\/path><\/svg><\/span><span class=\"gb-headline-text\">800+<\/span><\/h2>\n\n\n\n<p class=\"gb-headline gb-headline-e7450a73 gb-headline-text\">Projets termin\u00e9s<\/p>\n\n<\/div><\/div>\n\n<div class=\"gb-grid-column gb-grid-column-ad3386a7\"><div class=\"gb-container gb-container-ad3386a7\"><div class=\"gb-inside-container\">\n\n<h2 class=\"gb-headline gb-headline-2e707f89\"><span class=\"gb-icon\"><svg viewBox=\"0 0 256 256\" height=\"32\" width=\"32\" xmlns=\"http:\/\/www.w3.org\/2000\/svg\"><path d=\"M128 24a104 104 0 1 0 104 104A104.11 104.11 0 0 0 128 24Zm0 192a88 88 0 1 1 88-88 88.1 88.1 0 0 1-88 88ZM80 108a12 12 0 1 1 12 12 12 12 0 0 1-12-12Zm96 0a12 12 0 1 1-12-12 12 12 0 0 1 12 12Zm-1.07 48c-10.29 17.79-27.4 28-46.93 28s-36.63-10.2-46.92-28a8 8 0 1 1 13.84-8c7.47 12.91 19.21 20 33.08 20s25.61-7.1 33.07-20a8 8 0 0 1 13.86 8Z\"><\/path><\/svg><\/span><span class=\"gb-headline-text\">400<\/span><\/h2>\n\n\n\n<p class=\"gb-headline gb-headline-f652abea gb-headline-text\">Clients satisfaits<\/p>\n\n<\/div><\/div><\/div>\n\n<div class=\"gb-grid-column gb-grid-column-8d8c7987\"><div class=\"gb-container gb-container-8d8c7987\"><div class=\"gb-inside-container\">\n\n<h2 class=\"gb-headline gb-headline-1279bafb\"><span class=\"gb-icon\"><svg aria-hidden=\"true\" role=\"img\" height=\"1em\" width=\"1em\" viewBox=\"0 0 384 512\" xmlns=\"http:\/\/www.w3.org\/2000\/svg\"><path fill=\"currentColor\" d=\"M97.12 362.63c-8.69-8.69-4.16-6.24-25.12-11.85-9.51-2.55-17.87-7.45-25.43-13.32L1.2 448.7c-4.39 10.77 3.81 22.47 15.43 22.03l52.69-2.01L105.56 507c8 8.44 22.04 5.81 26.43-4.96l52.05-127.62c-10.84 6.04-22.87 9.58-35.31 9.58-19.5 0-37.82-7.59-51.61-21.37zM382.8 448.7l-45.37-111.24c-7.56 5.88-15.92 10.77-25.43 13.32-21.07 5.64-16.45 3.18-25.12 11.85-13.79 13.78-32.12 21.37-51.62 21.37-12.44 0-24.47-3.55-35.31-9.58L252 502.04c4.39 10.77 18.44 13.4 26.43 4.96l36.25-38.28 52.69 2.01c11.62.44 19.82-11.27 15.43-22.03zM263 340c15.28-15.55 17.03-14.21 38.79-20.14 13.89-3.79 24.75-14.84 28.47-28.98 7.48-28.4 5.54-24.97 25.95-45.75 10.17-10.35 14.14-25.44 10.42-39.58-7.47-28.38-7.48-24.42 0-52.83 3.72-14.14-.25-29.23-10.42-39.58-20.41-20.78-18.47-17.36-25.95-45.75-3.72-14.14-14.58-25.19-28.47-28.98-27.88-7.61-24.52-5.62-44.95-26.41-10.17-10.35-25-14.4-38.89-10.61-27.87 7.6-23.98 7.61-51.9 0-13.89-3.79-28.72.25-38.89 10.61-20.41 20.78-17.05 18.8-44.94 26.41-13.89 3.79-24.75 14.84-28.47 28.98-7.47 28.39-5.54 24.97-25.95 45.75-10.17 10.35-14.15 25.44-10.42 39.58 7.47 28.36 7.48 24.4 0 52.82-3.72 14.14.25 29.23 10.42 39.59 20.41 20.78 18.47 17.35 25.95 45.75 3.72 14.14 14.58 25.19 28.47 28.98C104.6 325.96 106.27 325 121 340c13.23 13.47 33.84 15.88 49.74 5.82a39.676 39.676 0 0 1 42.53 0c15.89 10.06 36.5 7.65 49.73-5.82zM97.66 175.96c0-53.03 42.24-96.02 94.34-96.02s94.34 42.99 94.34 96.02-42.24 96.02-94.34 96.02-94.34-42.99-94.34-96.02z\"><\/path><\/svg><\/span><span class=\"gb-headline-text\">5<\/span><\/h2>\n\n\n\n<p class=\"gb-headline gb-headline-f48280f7 gb-headline-text\">Des ann\u00e9es d&rsquo;exp\u00e9rience<\/p>\n\n<\/div><\/div><\/div>\n<\/div>\n<\/div>\n<\/div>\n\n<div class=\"gb-container gb-container-752f2959\">\n\n<h2 class=\"gb-headline gb-headline-40f1fdbe gb-headline-text\">points forts du produit<\/h2>\n\n\n\n<h2 class=\"gb-headline gb-headline-21c55af7 gb-headline-text\">Avantages<\/h2>\n\n\n\n<p class=\"gb-headline gb-headline-74551c6d gb-headline-text\">L&rsquo;int\u00e9gration du WPC dans les projets de construction et de conception peut ainsi offrir une combinaison d&rsquo;avantages pratiques tout en satisfaisant les pr\u00e9f\u00e9rences esth\u00e9tiques, contribuant ainsi \u00e0 son utilisation croissante en tant que mat\u00e9riau privil\u00e9gi\u00e9 sur divers march\u00e9s.<\/p>\n\n\n<div class=\"gb-grid-wrapper gb-grid-wrapper-40ade07d\">\n<div class=\"gb-grid-column gb-grid-column-c1b7137e\"><div class=\"gb-container gb-container-c1b7137e\">\n\n<h3 class=\"gb-headline gb-headline-4145c454\"><span class=\"gb-icon\"><svg viewBox=\"0 0 256 256\" height=\"256\" width=\"256\" xmlns=\"http:\/\/www.w3.org\/2000\/svg\"><path d=\"M178 32c-20.65 0-38.73 8.88-50 23.89C116.73 40.88 98.65 32 78 32a62.07 62.07 0 0 0-62 62c0 70 103.79 126.66 108.21 129a8 8 0 0 0 7.58 0C136.21 220.66 240 164 240 94a62.07 62.07 0 0 0-62-62Zm-50 174.8C109.74 196.16 32 147.69 32 94a46.06 46.06 0 0 1 46-46c19.45 0 35.78 10.36 42.6 27a8 8 0 0 0 14.8 0c6.82-16.67 23.15-27 42.6-27a46.06 46.06 0 0 1 46 46c0 53.61-77.76 102.15-96 112.8Z\" fill=\"currentColor\"><\/path><\/svg><\/span><span class=\"gb-headline-text\"><strong>Durabilit\u00e9 et long\u00e9vit\u00e9<\/strong><\/span><\/h3>\n\n\n\n<p>Les produits WPC sont connus pour leur durabilit\u00e9. Ils r\u00e9sistent \u00e0 la pourriture, \u00e0 la d\u00e9formation et \u00e0 l\u2019\u00e9clatement, probl\u00e8mes courants dans les produits en bois pur. Cette durabilit\u00e9 se traduit par une dur\u00e9e de vie plus longue, faisant du WPC une option rentable \u00e0 long terme.<\/p>\n\n<\/div><\/div>\n\n<div class=\"gb-grid-column gb-grid-column-984fa77c\"><div class=\"gb-container gb-container-984fa77c\">\n\n<h3 class=\"gb-headline gb-headline-eb2ca6f2\"><span class=\"gb-icon\"><svg viewBox=\"0 0 26 26\" xmlns=\"http:\/\/www.w3.org\/2000\/svg\"><path d=\"M22.934 11.19V8.705l-2.955-.482a7.222 7.222 0 0 0-.813-1.961l1.723-2.456-1.756-1.755-2.424 1.743a7.083 7.083 0 0 0-1.971-.82L14.222.033h-2.484l-.478 2.932a7.133 7.133 0 0 0-1.977.812L6.866 2.051 5.11 3.806l1.7 2.431a7.218 7.218 0 0 0-.825 1.983l-2.919.485v2.484l2.916.516a7.18 7.18 0 0 0 .824 1.985l-1.723 2.409 1.756 1.757 2.434-1.704a7.134 7.134 0 0 0 1.977.815l.488 2.934h2.484l.521-2.941a7.197 7.197 0 0 0 1.967-.824l2.451 1.721 1.755-1.757-1.749-2.429a7.18 7.18 0 0 0 .811-1.964l2.956-.517zM13 13.431a3.464 3.464 0 1 1-.001-6.927A3.464 3.464 0 0 1 13 13.431z\"><\/path><path d=\"M24 18.967v4c0 .551-.448 1-1 1H3c-.552 0-1-.449-1-1v-4H0v4c0 1.656 1.344 3 3 3h20c1.656 0 3-1.344 3-3v-4h-2z\"><\/path><\/svg><\/span><span class=\"gb-headline-text\"><strong>Faible entretien<\/strong><\/span><\/h3>\n\n\n\n<p>Contrairement au bois traditionnel, le WPC ne n\u00e9cessite pas de teinture, de scellement ou de peinture r\u00e9guli\u00e8re. Il conserve sa couleur et sa finition plus longtemps, ce qui r\u00e9duit les besoins d&rsquo;entretien et les co\u00fbts qui y sont associ\u00e9s. Le nettoyage du WPC est \u00e9galement plus facile, ne n\u00e9cessitant g\u00e9n\u00e9ralement que de l\u2019eau et du savon.<\/p>\n\n<\/div><\/div>\n\n<div class=\"gb-grid-column gb-grid-column-57a43d13\"><div class=\"gb-container gb-container-57a43d13\">\n\n<h3 class=\"gb-headline gb-headline-e8d6b8bf\"><span class=\"gb-icon\"><svg viewBox=\"0 0 256 256\" height=\"256\" width=\"256\" xmlns=\"http:\/\/www.w3.org\/2000\/svg\"><g fill=\"currentColor\"><path d=\"M128 187.88h-.06a71.3 71.3 0 0 1-8 4.61V232a8 8 0 0 0 16 0v-39.51a71.3 71.3 0 0 1-8-4.61Z\"><\/path><path d=\"M198.1 62.6a76 76 0 0 0-140.2 0A72.29 72.29 0 0 0 16 127.8c-.11 38.82 31.36 71.2 70.14 72.2a71.68 71.68 0 0 0 33.86-7.51v-35.55l-43.58-21.78a8 8 0 1 1 7.16-14.32L120 139.06V88a8 8 0 0 1 16 0v27.06l36.42-18.22a8 8 0 1 1 7.16 14.32L136 132.94v59.55a71.45 71.45 0 0 0 32 7.51h1.86c38.78-1 70.25-33.36 70.14-72.18a72.26 72.26 0 0 0-41.9-65.22Z\"><\/path><\/g><\/svg><\/span><span class=\"gb-headline-text\"><strong>\u00c9cologique<\/strong><\/span><\/h3>\n\n\n\n<p>Le WPC est souvent fabriqu\u00e9 \u00e0 partir de mat\u00e9riaux recycl\u00e9s, ce qui peut contribuer \u00e0 r\u00e9duire les d\u00e9chets et la demande de bois vierge. Ce recyclage des mat\u00e9riaux en fait un choix \u00e9cologique pour les consommateurs soucieux de l&rsquo;environnement.<\/p>\n\n<\/div><\/div>\n\n<div class=\"gb-grid-column gb-grid-column-798f7f11\"><div class=\"gb-container gb-container-798f7f11\">\n\n<h3 class=\"gb-headline gb-headline-dea65c2b\"><span class=\"gb-icon\"><svg viewBox=\"0 0 48 48\" height=\"48\" width=\"48\" xmlns=\"http:\/\/www.w3.org\/2000\/svg\"><g fill=\"none\"><path clip-rule=\"evenodd\" d=\"M24 41.996c13.333.103 20-.989 20-3.275c0-3.428-15.586-20.718-20-20.718S4 35.65 4 38.72c0 2.048 6.667 3.139 20 3.275Z\" stroke-width=\"4\" stroke-linejoin=\"round\" stroke=\"currentColor\"><\/path><path d=\"m21.06 29.661l-3.62 4.34\" stroke-width=\"4\" stroke-linecap=\"round\" stroke=\"currentColor\"><\/path><path d=\"M24.5 11a2.5 2.5 0 1 0 0-5a2.5 2.5 0 0 0 0 5Zm9.5 5a2 2 0 1 0 0-4a2 2 0 0 0 0 4Zm-22 5a2 2 0 1 0 0-4a2 2 0 0 0 0 4Zm5.5-6a1.5 1.5 0 1 0 0-3a1.5 1.5 0 0 0 0 3Z\" fill=\"currentColor\"><\/path><\/g><\/svg><\/span><span class=\"gb-headline-text\"><strong>R\u00e9sistance aux \u00e9l\u00e9ments<\/strong><\/span><\/h3>\n\n\n\n<p>Le WPC pr\u00e9sente une excellente r\u00e9sistance aux intemp\u00e9ries, y compris une protection contre les rayons UV, ce qui l&rsquo;aide \u00e0 conserver sa couleur et son int\u00e9grit\u00e9. Il r\u00e9siste \u00e9galement \u00e0 l&rsquo;humidit\u00e9, ce qui le rend id\u00e9al pour une utilisation en ext\u00e9rieur o\u00f9 le bois traditionnel peut souffrir de l&rsquo;exposition \u00e0 la pluie ou \u00e0 l&rsquo;humidit\u00e9.<\/p>\n\n<\/div><\/div>\n\n<div class=\"gb-grid-column gb-grid-column-6ec537d2\"><div class=\"gb-container gb-container-6ec537d2\">\n\n<h3 class=\"gb-headline gb-headline-5ee4d4ec\"><span class=\"gb-icon\"><svg viewBox=\"0 0 2048 2048\" height=\"2048\" width=\"2048\" xmlns=\"http:\/\/www.w3.org\/2000\/svg\"><path d=\"M1024 0q141 0 272 36t245 103t207 160t160 208t103 245t37 272q0 141-36 272t-103 245t-160 207t-208 160t-245 103t-272 37q-53 0-99-20t-81-55t-55-81t-21-100q0-49 9-85t24-67t31-56t31-52t23-56t10-68q0-52-20-99t-55-81t-82-55t-99-21q-38 0-67 9t-56 24t-53 31t-56 31t-67 23t-85 10q-53 0-99-20t-81-55t-55-81t-21-100q0-141 36-272t103-245t160-207t208-160T751 37t273-37zm0 1920q123 0 237-32t214-90t182-141t140-181t91-214t32-238q0-123-32-237t-90-214t-141-182t-181-140t-214-91t-238-32q-123 0-237 32t-214 90t-182 141t-140 181t-91 214t-32 238q0 27 10 50t27 40t41 28t50 10q38 0 67-9t56-24t52-31t55-31t67-23t87-10q80 0 150 30t122 82t82 122t30 150q0 49-9 86t-24 67t-31 55t-31 52t-23 56t-10 68q0 27 10 50t27 40t41 28t50 10zM512 640q27 0 50 10t40 27t28 41t10 50q0 27-10 50t-27 40t-41 28t-50 10q-27 0-50-10t-40-27t-28-41t-10-50q0-27 10-50t27-40t41-28t50-10zm384-256q27 0 50 10t40 27t28 41t10 50q0 27-10 50t-27 40t-41 28t-50 10q-27 0-50-10t-40-27t-28-41t-10-50q0-27 10-50t27-40t41-28t50-10zm512 384q-27 0-50-10t-40-27t-28-41t-10-50q0-27 10-50t27-40t41-28t50-10q27 0 50 10t40 27t28 41t10 50q0 27-10 50t-27 40t-41 28t-50 10zm128 256q27 0 50 10t40 27t28 41t10 50q0 27-10 50t-27 40t-41 28t-50 10q-27 0-50-10t-40-27t-28-41t-10-50q0-27 10-50t27-40t41-28t50-10zm-256 384q27 0 50 10t40 27t28 41t10 50q0 27-10 50t-27 40t-41 28t-50 10q-27 0-50-10t-40-27t-28-41t-10-50q0-27 10-50t27-40t41-28t50-10z\" fill=\"currentColor\"><\/path><\/svg><\/span><span class=\"gb-headline-text\"><strong>Esth\u00e9tiquement polyvalent<\/strong><\/span><\/h3>\n\n\n\n<p>Le WPC peut \u00eatre fabriqu\u00e9 dans une vari\u00e9t\u00e9 de couleurs, de motifs et de textures qui imitent l&rsquo;apparence du bois naturel. Cette polyvalence esth\u00e9tique permet une personnalisation selon les go\u00fbts personnels ou les exigences de conception, ce qui la rend adapt\u00e9e \u00e0 un large \u00e9ventail de styles architecturaux.<\/p>\n\n<\/div><\/div>\n\n<div class=\"gb-grid-column gb-grid-column-15a80e9c\"><div class=\"gb-container gb-container-15a80e9c\">\n\n<h3 class=\"gb-headline gb-headline-7982f33c\"><span class=\"gb-icon\"><svg viewBox=\"0 0 24 24\" height=\"24\" width=\"24\" xmlns=\"http:\/\/www.w3.org\/2000\/svg\"><path d=\"M12 21q-1.6 0-2.863-.825T7.075 18L4.7 19.35l-1-1.725l2.575-1.5q-.075-.275-.125-.563T6.05 15H3v-2h3.05q.05-.3.1-.588t.125-.562L3.7 10.35l1-1.725L7.05 10q.2-.35.463-.688T8.05 8.7Q8 8.525 8 8.35V8q0-.6.175-1.15t.475-1.025L7 4.175L8.4 2.75l1.75 1.7q.425-.225.888-.337T12 4q.5 0 .975.125t.9.35L15.6 2.75L17 4.175l-1.65 1.65q.3.475.463 1.025T15.975 8v.338q0 .162-.05.337q.275.275.537.625t.463.7L19.3 8.65l1 1.725l-2.6 1.475q.075.275.137.563t.113.587H21v2h-3.05q-.05.3-.1.588t-.125.562l2.575 1.5l-1 1.725L16.925 18q-.8 1.35-2.063 2.175T12 21ZM10.1 7.35q.425-.175.913-.263T12 7q.5 0 .963.075t.887.25q-.2-.575-.7-.95T12 6q-.65 0-1.175.388t-.725.962ZM12 19q1.825 0 2.913-1.525T16 14q0-1.75-1.012-3.375T12 9q-1.95 0-2.975 1.613T8 14q0 1.95 1.088 3.475T12 19Zm-1-2v-6h2v6h-2Z\" fill=\"currentColor\"><\/path><\/svg><\/span><span class=\"gb-headline-text\"><strong>R\u00e9sistance aux ravageurs<\/strong><\/span><\/h3>\n\n\n\n<p>Le WPC n\u2019est pas attrayant pour les termites et autres insectes destructeurs du bois. Il s\u2019agit d\u2019un avantage significatif par rapport au bois traditionnel, car il \u00e9limine les pr\u00e9occupations li\u00e9es aux dommages caus\u00e9s par les ravageurs qui peuvent compromettre l\u2019int\u00e9grit\u00e9 structurelle et l\u2019apparence des produits en bois.<\/p>\n\n<\/div><\/div>\n<\/div>\n<\/div>","protected":false},"excerpt":{"rendered":"<p>Composite bois-plastique-WPC Faible entretien | Durabilit\u00e9 | Durabilit\u00e9 points forts du produit Avantages L&rsquo;int\u00e9gration du &#8230; <a title=\"Composite bois-plastique-WPC\" class=\"read-more\" href=\"https:\/\/mont-river.ca\/fr\/composite-bois-plastique-wpc\/\" aria-label=\"En savoir plus sur Composite bois-plastique-WPC\">Lire plus<\/a><\/p>\n","protected":false},"author":1,"featured_media":1656,"parent":0,"menu_order":0,"comment_status":"closed","ping_status":"closed","template":"","meta":{"footnotes":""},"class_list":["post-1872","page","type-page","status-publish","has-post-thumbnail"],"_links":{"self":[{"href":"https:\/\/mont-river.ca\/fr\/wp-json\/wp\/v2\/pages\/1872\/"}],"collection":[{"href":"https:\/\/mont-river.ca\/fr\/wp-json\/wp\/v2\/pages\/"}],"about":[{"href":"https:\/\/mont-river.ca\/fr\/wp-json\/wp\/v2\/types\/page\/"}],"author":[{"embeddable":true,"href":"https:\/\/mont-river.ca\/fr\/wp-json\/wp\/v2\/users\/1\/"}],"replies":[{"embeddable":true,"href":"https:\/\/mont-river.ca\/fr\/wp-json\/wp\/v2\/comments\/?post=1872"}],"version-history":[{"count":2,"href":"https:\/\/mont-river.ca\/fr\/wp-json\/wp\/v2\/pages\/1872\/revisions\/"}],"predecessor-version":[{"id":2240,"href":"https:\/\/mont-river.ca\/fr\/wp-json\/wp\/v2\/pages\/1872\/revisions\/2240\/"}],"wp:featuredmedia":[{"embeddable":true,"href":"https:\/\/mont-river.ca\/fr\/wp-json\/wp\/v2\/media\/1656\/"}],"wp:attachment":[{"href":"https:\/\/mont-river.ca\/fr\/wp-json\/wp\/v2\/media\/?parent=1872"}],"curies":[{"name":"wp","href":"https:\/\/api.w.org\/{rel}","templated":true}]}}