{"id":1869,"date":"2023-11-15T14:39:18","date_gmt":"2023-11-15T14:39:18","guid":{"rendered":"https:\/\/mont-river.ca\/?page_id=1869"},"modified":"2025-01-05T03:10:52","modified_gmt":"2025-01-05T03:10:52","slug":"armoires-de-cuisine","status":"publish","type":"page","link":"https:\/\/mont-river.ca\/fr\/armoires-de-cuisine\/","title":{"rendered":"Armoires de cuisine"},"content":{"rendered":"<section class=\"gb-container gb-container-872296e7\">\n\n<h2 class=\"gb-headline gb-headline-f6c525bd gb-headline-text\">Armoires de cuisine<\/h2>\n\n\n\n<h2 class=\"gb-headline gb-headline-6ccdb742 gb-headline-text\">Luxe abordable<\/h2>\n\n\n<div class=\"gb-grid-wrapper gb-grid-wrapper-e3058aff\">\n<div class=\"gb-grid-column gb-grid-column-a4cbbe74\"><div class=\"gb-container gb-container-a4cbbe74\">\n\n<h3 class=\"gb-headline gb-headline-ca385857 gb-headline-text\"><a href=\"https:\/\/mont-river.ca\/fr\/armoires-de-cuisine\/rsl-saint-lawrence\/\">SCY-SAGUENAY<\/a><\/h3>\n\n\n\n<figure class=\"gb-block-image gb-block-image-ac7edee8\"><a href=\"https:\/\/mont-river.ca\/fr\/armoires-de-cuisine\/rsl-saint-lawrence\/\" target=\"_blank\" rel=\"noopener noreferrer\"><img loading=\"lazy\" decoding=\"async\" width=\"130\" height=\"213\" class=\"gb-image gb-image-ac7edee8\" src=\"https:\/\/mont-river.ca\/wp-content\/uploads\/2023\/10\/scy.png\" alt=\"\" title=\"scy\"\/><\/a><\/figure>\n\n\n\n<p class=\"has-text-align-center\">Porte en bouleau massif en peinture blanc cass\u00e9<br>Style sans cadre<br>Armoire de cuisine transitionnelle<\/p>\n\n\n\n<a class=\"gb-button gb-button-a2e58e92\" href=\"https:\/\/mont-river.ca\/fr\/armoires-de-cuisine\/rsl-saint-lawrence\/\" target=\"_blank\" rel=\"noopener noreferrer\"><span class=\"gb-button-text\">D\u00e9tails du produit<\/span><span class=\"gb-icon\"><svg viewBox=\"0 0 330 330\" xmlns=\"http:\/\/www.w3.org\/2000\/svg\"><path d=\"M15 180h263.787l-49.394 49.394c-5.858 5.857-5.858 15.355 0 21.213C232.322 253.535 236.161 255 240 255s7.678-1.465 10.606-4.394l75-75c5.858-5.857 5.858-15.355 0-21.213l-75-75c-5.857-5.857-15.355-5.857-21.213 0-5.858 5.857-5.858 15.355 0 21.213L278.787 150H15c-8.284 0-15 6.716-15 15s6.716 15 15 15z\"><\/path><\/svg><\/span><\/a>\n\n<\/div><\/div>\n\n<div class=\"gb-grid-column gb-grid-column-3c7d4ba9\"><div class=\"gb-container gb-container-3c7d4ba9\">\n\n<h3 class=\"gb-headline gb-headline-3bd7c961 gb-headline-text\"><a href=\"https:\/\/mont-river.ca\/fr\/armoires-de-cuisine\/pcy-baie-de-perce\/\">PCY- BAIE DE PERC\u00c9<\/a><\/h3>\n\n\n\n<figure class=\"gb-block-image gb-block-image-54ad7cda\"><a href=\"https:\/\/mont-river.ca\/fr\/armoires-de-cuisine\/pcy-baie-de-perce\/\" target=\"_blank\" rel=\"noopener noreferrer\"><img loading=\"lazy\" decoding=\"async\" width=\"260\" height=\"426\" class=\"gb-image gb-image-54ad7cda\" src=\"https:\/\/mont-river.ca\/wp-content\/uploads\/2023\/11\/pcy-1.png\" alt=\"\" title=\"pcy-1\" srcset=\"https:\/\/mont-river.ca\/wp-content\/uploads\/2023\/11\/pcy-1.png 260w, https:\/\/mont-river.ca\/wp-content\/uploads\/2023\/11\/pcy-1-183x300.png 183w\" sizes=\"auto, (max-width: 260px) 100vw, 260px\" \/><\/a><\/figure>\n\n\n\n<p class=\"has-text-align-center\">Bouleau, couleur gris titane<br>Style sans cadre<br>Armoires de cuisine transitionnelles<\/p>\n\n\n\n<a class=\"gb-button gb-button-6306c370\" href=\"https:\/\/mont-river.ca\/fr\/armoires-de-cuisine\/pcy-baie-de-perce\/\" target=\"_blank\" rel=\"noopener noreferrer\"><span class=\"gb-button-text\">D\u00e9tails du produit<\/span><span class=\"gb-icon\"><svg viewBox=\"0 0 330 330\" xmlns=\"http:\/\/www.w3.org\/2000\/svg\"><path d=\"M15 180h263.787l-49.394 49.394c-5.858 5.857-5.858 15.355 0 21.213C232.322 253.535 236.161 255 240 255s7.678-1.465 10.606-4.394l75-75c5.858-5.857 5.858-15.355 0-21.213l-75-75c-5.857-5.857-15.355-5.857-21.213 0-5.858 5.857-5.858 15.355 0 21.213L278.787 150H15c-8.284 0-15 6.716-15 15s6.716 15 15 15z\"><\/path><\/svg><\/span><\/a>\n\n<\/div><\/div>\n\n<div class=\"gb-grid-column gb-grid-column-824d6b76\"><div class=\"gb-container gb-container-824d6b76\">\n\n<h3 class=\"gb-headline gb-headline-77151893 gb-headline-text\"><a href=\"https:\/\/mont-river.ca\/fr\/armoires-de-cuisine\/rsl-saint-lawrence\/\">RSL&#8212;SAINT LAWRENCE<\/a><\/h3>\n\n\n\n<figure class=\"gb-block-image gb-block-image-8429d702\"><a href=\"https:\/\/mont-river.ca\/fr\/armoires-de-cuisine\/rsl-saint-lawrence\/\" target=\"_blank\" rel=\"noopener noreferrer\"><img loading=\"lazy\" decoding=\"async\" width=\"260\" height=\"426\" class=\"gb-image gb-image-8429d702\" src=\"https:\/\/mont-river.ca\/wp-content\/uploads\/2023\/11\/rsl-1.png\" alt=\"\" title=\"rsl-1\" srcset=\"https:\/\/mont-river.ca\/wp-content\/uploads\/2023\/11\/rsl-1.png 260w, https:\/\/mont-river.ca\/wp-content\/uploads\/2023\/11\/rsl-1-183x300.png 183w\" sizes=\"auto, (max-width: 260px) 100vw, 260px\" \/><\/a><\/figure>\n\n\n\n<p class=\"has-text-align-center\">Porte en bouleau massif avec panneau HDF Style nord-am\u00e9ricain<br>Style encadr\u00e9<br>Peinture ivoire douce<\/p>\n\n\n\n<a class=\"gb-button gb-button-cb2141eb\" href=\"https:\/\/mont-river.ca\/fr\/armoires-de-cuisine\/rsl-saint-lawrence\/\" target=\"_blank\" rel=\"noopener noreferrer\"><span class=\"gb-button-text\">D\u00e9tails du produit<\/span><span class=\"gb-icon\"><svg viewBox=\"0 0 330 330\" xmlns=\"http:\/\/www.w3.org\/2000\/svg\"><path d=\"M15 180h263.787l-49.394 49.394c-5.858 5.857-5.858 15.355 0 21.213C232.322 253.535 236.161 255 240 255s7.678-1.465 10.606-4.394l75-75c5.858-5.857 5.858-15.355 0-21.213l-75-75c-5.857-5.857-15.355-5.857-21.213 0-5.858 5.857-5.858 15.355 0 21.213L278.787 150H15c-8.284 0-15 6.716-15 15s6.716 15 15 15z\"><\/path><\/svg><\/span><\/a>\n\n<\/div><\/div>\n\n<div class=\"gb-grid-column gb-grid-column-eca3fef0\"><div class=\"gb-container gb-container-eca3fef0\">\n\n<h3 class=\"gb-headline gb-headline-70a0a5f9 gb-headline-text\"><a href=\"https:\/\/mont-river.ca\/fr\/armoires-de-cuisine\/mof-orford\/\">MOF-ORFORD<\/a><\/h3>\n\n\n\n<figure class=\"gb-block-image gb-block-image-ab66bca8\"><a href=\"https:\/\/mont-river.ca\/fr\/armoires-de-cuisine\/mof-orford\/\" target=\"_blank\" rel=\"noopener noreferrer\"><img loading=\"lazy\" decoding=\"async\" width=\"260\" height=\"426\" class=\"gb-image gb-image-ab66bca8\" src=\"https:\/\/mont-river.ca\/wp-content\/uploads\/2023\/11\/mof-1.png\" alt=\"\" title=\"mof-1\" srcset=\"https:\/\/mont-river.ca\/wp-content\/uploads\/2023\/11\/mof-1.png 260w, https:\/\/mont-river.ca\/wp-content\/uploads\/2023\/11\/mof-1-183x300.png 183w\" sizes=\"auto, (max-width: 260px) 100vw, 260px\" \/><\/a><\/figure>\n\n\n\n<p class=\"has-text-align-center\">Porte en bouleau massif avec panneau HDF<br>Style encadr\u00e9<br>COULEUR : Gris brumeux<\/p>\n\n\n\n<a class=\"gb-button gb-button-702becca\" href=\"https:\/\/mont-river.ca\/fr\/armoires-de-cuisine\/mof-orford\/\" target=\"_blank\" rel=\"noopener noreferrer\"><span class=\"gb-button-text\">D\u00e9tails du produit<\/span><span class=\"gb-icon\"><svg viewBox=\"0 0 330 330\" xmlns=\"http:\/\/www.w3.org\/2000\/svg\"><path d=\"M15 180h263.787l-49.394 49.394c-5.858 5.857-5.858 15.355 0 21.213C232.322 253.535 236.161 255 240 255s7.678-1.465 10.606-4.394l75-75c5.858-5.857 5.858-15.355 0-21.213l-75-75c-5.857-5.857-15.355-5.857-21.213 0-5.858 5.857-5.858 15.355 0 21.213L278.787 150H15c-8.284 0-15 6.716-15 15s6.716 15 15 15z\"><\/path><\/svg><\/span><\/a>\n\n<\/div><\/div>\n\n<div class=\"gb-grid-column gb-grid-column-f21c71b8\"><div class=\"gb-container gb-container-f21c71b8\">\n\n<h3 class=\"gb-headline gb-headline-4bcc5091 gb-headline-text\"><a href=\"https:\/\/mont-river.ca\/fr\/armoires-de-cuisine\/rmg-magog\/\">RMG-MAGOG<\/a><\/h3>\n\n\n\n<figure class=\"gb-block-image gb-block-image-9deea4a5\"><a href=\"https:\/\/mont-river.ca\/fr\/armoires-de-cuisine\/rmg-magog\/\" target=\"_blank\" rel=\"noopener noreferrer\"><img loading=\"lazy\" decoding=\"async\" width=\"260\" height=\"426\" class=\"gb-image gb-image-9deea4a5\" src=\"https:\/\/mont-river.ca\/wp-content\/uploads\/2023\/11\/rmg-1.png\" alt=\"\" title=\"rmg-1\" srcset=\"https:\/\/mont-river.ca\/wp-content\/uploads\/2023\/11\/rmg-1.png 260w, https:\/\/mont-river.ca\/wp-content\/uploads\/2023\/11\/rmg-1-183x300.png 183w\" sizes=\"auto, (max-width: 260px) 100vw, 260px\" \/><\/a><\/figure>\n\n\n\n<p class=\"has-text-align-center\">Porte en bouleau massif avec panneau HDF<br>Style encadr\u00e9<br>COULEUR&nbsp;: Blanc \u00e9l\u00e9gant<\/p>\n\n\n\n<a class=\"gb-button gb-button-ed68db0b\" href=\"https:\/\/mont-river.ca\/fr\/armoires-de-cuisine\/rmg-magog\/\" target=\"_blank\" rel=\"noopener noreferrer\"><span class=\"gb-button-text\">D\u00e9tails du produit<\/span><span class=\"gb-icon\"><svg viewBox=\"0 0 330 330\" xmlns=\"http:\/\/www.w3.org\/2000\/svg\"><path d=\"M15 180h263.787l-49.394 49.394c-5.858 5.857-5.858 15.355 0 21.213C232.322 253.535 236.161 255 240 255s7.678-1.465 10.606-4.394l75-75c5.858-5.857 5.858-15.355 0-21.213l-75-75c-5.857-5.857-15.355-5.857-21.213 0-5.858 5.857-5.858 15.355 0 21.213L278.787 150H15c-8.284 0-15 6.716-15 15s6.716 15 15 15z\"><\/path><\/svg><\/span><\/a>\n\n<\/div><\/div>\n\n<div class=\"gb-grid-column gb-grid-column-dde039bb\"><div class=\"gb-container gb-container-dde039bb\">\n\n<h3 class=\"gb-headline gb-headline-9db57c41 gb-headline-text\"><a href=\"https:\/\/mont-river.ca\/fr\/armoires-de-cuisine\/mtb-tremblant\/\">MTB-TREMBLANT<\/a><\/h3>\n\n\n\n<figure class=\"gb-block-image gb-block-image-54f57b7b\"><a href=\"https:\/\/mont-river.ca\/fr\/armoires-de-cuisine\/mtb-tremblant\/\" target=\"_blank\" rel=\"noopener noreferrer\"><img loading=\"lazy\" decoding=\"async\" width=\"260\" height=\"426\" class=\"gb-image gb-image-54f57b7b\" src=\"https:\/\/mont-river.ca\/wp-content\/uploads\/2023\/11\/mtb-1.png\" alt=\"\" title=\"mtb-1\" srcset=\"https:\/\/mont-river.ca\/wp-content\/uploads\/2023\/11\/mtb-1.png 260w, https:\/\/mont-river.ca\/wp-content\/uploads\/2023\/11\/mtb-1-183x300.png 183w\" sizes=\"auto, (max-width: 260px) 100vw, 260px\" \/><\/a><\/figure>\n\n\n\n<p class=\"has-text-align-center\">Porte en bouleau massif teint\u00e9 Espresso\u200b<br>Style encadr\u00e9<br>COULEUR&nbsp;: EXPRESSO<\/p>\n\n\n\n<a class=\"gb-button gb-button-d49fae57\" href=\"https:\/\/mont-river.ca\/fr\/armoires-de-cuisine\/mtb-tremblant\/\" target=\"_blank\" rel=\"noopener noreferrer\"><span class=\"gb-button-text\">D\u00e9tails du produit<\/span><span class=\"gb-icon\"><svg viewBox=\"0 0 330 330\" xmlns=\"http:\/\/www.w3.org\/2000\/svg\"><path d=\"M15 180h263.787l-49.394 49.394c-5.858 5.857-5.858 15.355 0 21.213C232.322 253.535 236.161 255 240 255s7.678-1.465 10.606-4.394l75-75c5.858-5.857 5.858-15.355 0-21.213l-75-75c-5.857-5.857-15.355-5.857-21.213 0-5.858 5.857-5.858 15.355 0 21.213L278.787 150H15c-8.284 0-15 6.716-15 15s6.716 15 15 15z\"><\/path><\/svg><\/span><\/a>\n\n<\/div><\/div>\n<\/div>\n<\/section>\n\n<div class=\"gb-container gb-container-33173c2c\">\n<div class=\"gb-container gb-container-c09c4807\">\n<div class=\"gb-grid-wrapper gb-grid-wrapper-ec97bfbd\">\n<div class=\"gb-grid-column gb-grid-column-729ecd51\"><div class=\"gb-container gb-container-729ecd51\">\n\n<h2 class=\"gb-headline gb-headline-577b8157\"><span class=\"gb-icon\"><svg viewBox=\"0 0 490 490\" xmlns=\"http:\/\/www.w3.org\/2000\/svg\"><path d=\"M0 439.576h490V50.424H0v389.152zM30.625 81.049h428.75v327.902H30.625V81.049z\"><\/path><path d=\"m213.627 266.395-36.11-41.73L65.66 353.933h358.68L281.107 188.42l-67.48 77.975zm-42.265 56.913h-38.71l44.85-51.848 44.881 51.848h-51.021zm91.513 0-29-33.513 47.231-54.579 76.241 88.093h-94.472zM211.481 208.235c21.713 0 39.368-17.625 39.368-39.261 0-21.667-17.655-39.277-39.368-39.277s-39.368 17.609-39.368 39.277c0 21.651 17.655 39.261 39.368 39.261zm0-47.928c4.823 0 8.743 3.889 8.743 8.652 0 4.762-3.92 8.636-8.743 8.636-4.824 0-8.743-3.874-8.743-8.636 0-4.763 3.92-8.652 8.743-8.652z\"><\/path><\/svg><\/span><span class=\"gb-headline-text\">800+<\/span><\/h2>\n\n\n\n<p class=\"gb-headline gb-headline-f4f62729 gb-headline-text\">Projets termin\u00e9s<\/p>\n\n<\/div><\/div>\n\n<div class=\"gb-grid-column gb-grid-column-2907b3eb\"><div class=\"gb-container gb-container-2907b3eb\"><div class=\"gb-inside-container\">\n\n<h2 class=\"gb-headline gb-headline-dae2830b\"><span class=\"gb-icon\"><svg viewBox=\"0 0 256 256\" height=\"32\" width=\"32\" xmlns=\"http:\/\/www.w3.org\/2000\/svg\"><path d=\"M128 24a104 104 0 1 0 104 104A104.11 104.11 0 0 0 128 24Zm0 192a88 88 0 1 1 88-88 88.1 88.1 0 0 1-88 88ZM80 108a12 12 0 1 1 12 12 12 12 0 0 1-12-12Zm96 0a12 12 0 1 1-12-12 12 12 0 0 1 12 12Zm-1.07 48c-10.29 17.79-27.4 28-46.93 28s-36.63-10.2-46.92-28a8 8 0 1 1 13.84-8c7.47 12.91 19.21 20 33.08 20s25.61-7.1 33.07-20a8 8 0 0 1 13.86 8Z\"><\/path><\/svg><\/span><span class=\"gb-headline-text\">400<\/span><\/h2>\n\n\n\n<p class=\"gb-headline gb-headline-78fdf921 gb-headline-text\">Clients satisfaits<\/p>\n\n<\/div><\/div><\/div>\n\n<div class=\"gb-grid-column gb-grid-column-e1432c54\"><div class=\"gb-container gb-container-e1432c54\"><div class=\"gb-inside-container\">\n\n<h2 class=\"gb-headline gb-headline-a1732e4e\"><span class=\"gb-icon\"><svg aria-hidden=\"true\" role=\"img\" height=\"1em\" width=\"1em\" viewBox=\"0 0 384 512\" xmlns=\"http:\/\/www.w3.org\/2000\/svg\"><path fill=\"currentColor\" d=\"M97.12 362.63c-8.69-8.69-4.16-6.24-25.12-11.85-9.51-2.55-17.87-7.45-25.43-13.32L1.2 448.7c-4.39 10.77 3.81 22.47 15.43 22.03l52.69-2.01L105.56 507c8 8.44 22.04 5.81 26.43-4.96l52.05-127.62c-10.84 6.04-22.87 9.58-35.31 9.58-19.5 0-37.82-7.59-51.61-21.37zM382.8 448.7l-45.37-111.24c-7.56 5.88-15.92 10.77-25.43 13.32-21.07 5.64-16.45 3.18-25.12 11.85-13.79 13.78-32.12 21.37-51.62 21.37-12.44 0-24.47-3.55-35.31-9.58L252 502.04c4.39 10.77 18.44 13.4 26.43 4.96l36.25-38.28 52.69 2.01c11.62.44 19.82-11.27 15.43-22.03zM263 340c15.28-15.55 17.03-14.21 38.79-20.14 13.89-3.79 24.75-14.84 28.47-28.98 7.48-28.4 5.54-24.97 25.95-45.75 10.17-10.35 14.14-25.44 10.42-39.58-7.47-28.38-7.48-24.42 0-52.83 3.72-14.14-.25-29.23-10.42-39.58-20.41-20.78-18.47-17.36-25.95-45.75-3.72-14.14-14.58-25.19-28.47-28.98-27.88-7.61-24.52-5.62-44.95-26.41-10.17-10.35-25-14.4-38.89-10.61-27.87 7.6-23.98 7.61-51.9 0-13.89-3.79-28.72.25-38.89 10.61-20.41 20.78-17.05 18.8-44.94 26.41-13.89 3.79-24.75 14.84-28.47 28.98-7.47 28.39-5.54 24.97-25.95 45.75-10.17 10.35-14.15 25.44-10.42 39.58 7.47 28.36 7.48 24.4 0 52.82-3.72 14.14.25 29.23 10.42 39.59 20.41 20.78 18.47 17.35 25.95 45.75 3.72 14.14 14.58 25.19 28.47 28.98C104.6 325.96 106.27 325 121 340c13.23 13.47 33.84 15.88 49.74 5.82a39.676 39.676 0 0 1 42.53 0c15.89 10.06 36.5 7.65 49.73-5.82zM97.66 175.96c0-53.03 42.24-96.02 94.34-96.02s94.34 42.99 94.34 96.02-42.24 96.02-94.34 96.02-94.34-42.99-94.34-96.02z\"><\/path><\/svg><\/span><span class=\"gb-headline-text\">5<\/span><\/h2>\n\n\n\n<p class=\"gb-headline gb-headline-b97cbd39 gb-headline-text\">Des ann\u00e9es d&rsquo;exp\u00e9rience<\/p>\n\n<\/div><\/div><\/div>\n<\/div>\n<\/div>\n<\/div>\n\n<div class=\"gb-container gb-container-752f2959\">\n\n<h2 class=\"gb-headline gb-headline-40f1fdbe gb-headline-text\">POINTS FORTS DU PRODUIT<\/h2>\n\n\n\n<h2 class=\"gb-headline gb-headline-21c55af7 gb-headline-text\"><strong>Caract\u00e9ristiques<\/strong><\/h2>\n\n\n\n<p class=\"gb-headline gb-headline-74551c6d gb-headline-text\">Solution cl\u00e9 en main pour la r\u00e9novation de cuisine<\/p>\n\n\n<div class=\"gb-grid-wrapper gb-grid-wrapper-40ade07d\">\n<div class=\"gb-grid-column gb-grid-column-c1b7137e\"><div class=\"gb-container gb-container-c1b7137e\">\n\n<h3 class=\"gb-headline gb-headline-4145c454\"><span class=\"gb-icon\"><svg viewBox=\"0 0 24 24\" height=\"24\" width=\"24\" xmlns=\"http:\/\/www.w3.org\/2000\/svg\"><path d=\"M9.2 8.25L11.85 3h.3l2.65 5.25H9.2Zm2.05 11.85L2.625 9.75h8.625V20.1Zm1.5 0V9.75h8.625L12.75 20.1Zm3.7-11.85L13.85 3H19l2.625 5.25H16.45Zm-14.075 0L5 3h5.15l-2.6 5.25H2.375Z\" fill=\"currentColor\"><\/path><\/svg><\/span><span class=\"gb-headline-text\"><strong>Un savoir-faire sup\u00e9rieur<\/strong><\/span><\/h3>\n\n\n\n<p>Nos armoires sont construites avec pr\u00e9cision et soin, en utilisant uniquement les meilleurs mat\u00e9riaux. Chaque armoire est con\u00e7ue pour offrir \u00e0 la fois beaut\u00e9 et fonctionnalit\u00e9, avec une attention aux d\u00e9tails qui garantit une finition raffin\u00e9e et durable.<\/p>\n\n<\/div><\/div>\n\n<div class=\"gb-grid-column gb-grid-column-984fa77c\"><div class=\"gb-container gb-container-984fa77c\">\n\n<h3 class=\"gb-headline gb-headline-eb2ca6f2\"><span class=\"gb-icon\"><svg viewBox=\"0 0 24 24\" height=\"24\" width=\"24\" xmlns=\"http:\/\/www.w3.org\/2000\/svg\"><path d=\"M10 3H4a1 1 0 0 0-1 1v6a1 1 0 0 0 1 1h6a1 1 0 0 0 1-1V4a1 1 0 0 0-1-1zm10 0h-6a1 1 0 0 0-1 1v6a1 1 0 0 0 1 1h6a1 1 0 0 0 1-1V4a1 1 0 0 0-1-1zM10 13H4a1 1 0 0 0-1 1v6a1 1 0 0 0 1 1h6a1 1 0 0 0 1-1v-6a1 1 0 0 0-1-1zm8 1h-2v2h-2v2h2v2h2v-2h2v-2h-2z\" fill=\"currentColor\"><\/path><\/svg><\/span><span class=\"gb-headline-text\"><strong>Styles personnalisables<\/strong><\/span><\/h3>\n\n\n\n<p>Nous comprenons que la cuisine est un espace personnel qui refl\u00e8te votre style. Notre gamme de mod\u00e8les d&rsquo;armoires, du classique au moderne, peut \u00eatre adapt\u00e9e \u00e0 vos pr\u00e9f\u00e9rences esth\u00e9tiques uniques, garantissant ainsi un ajustement parfait \u00e0 la maison de chaque client.<\/p>\n\n<\/div><\/div>\n\n<div class=\"gb-grid-column gb-grid-column-57a43d13\"><div class=\"gb-container gb-container-57a43d13\">\n\n<h3 class=\"gb-headline gb-headline-e8d6b8bf\"><span class=\"gb-icon\"><svg viewBox=\"0 0 24 24\" height=\"24\" width=\"24\" xmlns=\"http:\/\/www.w3.org\/2000\/svg\"><path clip-rule=\"evenodd\" d=\"M7.907 4.256a3.001 3.001 0 1 0-3.651 3.651A.756.756 0 0 0 4.25 8v8c0 .032.002.063.006.093a3.001 3.001 0 1 0 3.651 3.651c.03.004.061.006.093.006h8a.75.75 0 0 0 .093-.006a3.001 3.001 0 1 0 3.651-3.651a.75.75 0 0 0 .006-.093V8a.752.752 0 0 0-.006-.093a3.001 3.001 0 1 0-3.651-3.651A.756.756 0 0 0 16 4.25H8a.756.756 0 0 0-.093.006ZM5.744 7.907c.004.03.006.061.006.093v8a.756.756 0 0 1-.006.093a3.005 3.005 0 0 1 2.163 2.163A.752.752 0 0 1 8 18.25h8a.75.75 0 0 1 .093.006a3.005 3.005 0 0 1 2.163-2.163a.75.75 0 0 1-.006-.093V8c0-.032.002-.063.006-.093a3.005 3.005 0 0 1-2.163-2.163a.756.756 0 0 1-.093.006H8a.758.758 0 0 1-.093-.006a3.005 3.005 0 0 1-2.163 2.163Z\" fill-rule=\"evenodd\" fill=\"currentColor\"><\/path><\/svg><\/span><span class=\"gb-headline-text\"><strong>Construction robuste<\/strong><\/span><\/h3>\n\n\n\n<p>La durabilit\u00e9 est essentielle pour les armoires de cuisine et nos produits sont con\u00e7us pour durer. Construites avec des mat\u00e9riaux et une quincaillerie robustes, nos armoires peuvent r\u00e9sister aux rigueurs d&rsquo;une utilisation quotidienne, ce qui en fait un investissement durable.<\/p>\n\n<\/div><\/div>\n\n<div class=\"gb-grid-column gb-grid-column-798f7f11\"><div class=\"gb-container gb-container-798f7f11\">\n\n<h3 class=\"gb-headline gb-headline-dea65c2b\"><span class=\"gb-icon\"><svg viewBox=\"0 0 20 20\" height=\"20\" width=\"20\" xmlns=\"http:\/\/www.w3.org\/2000\/svg\"><path d=\"M19 2v6H1V2h18zm-1 5V3H2v4h16zM5 4v2H3V4h2zm3 0v2H6V4h2zm3 0v2H9V4h2zm3 0v2h-2V4h2zm3 0v2h-2V4h2zm2 5v9H1V9h18zm-1 8v-7H2v7h16zM5 11v2H3v-2h2zm3 0v2H6v-2h2zm3 0v2H9v-2h2zm6 0v2h-5v-2h5zm-6 3v2H3v-2h8zm3 0v2h-2v-2h2zm3 0v2h-2v-2h2z\" fill=\"currentColor\"><\/path><\/svg><\/span><span class=\"gb-headline-text\"><strong>Solutions de stockage innovantes<\/strong><\/span><\/h3>\n\n\n\n<p>Maximisez l&rsquo;efficacit\u00e9 de votre cuisine avec nos solutions de rangement innovantes. Des \u00e9tag\u00e8res \u00e0 \u00e9pices coulissantes aux tiroirs \u00e0 fermeture douce, nous offrons une vari\u00e9t\u00e9 de fonctionnalit\u00e9s qui am\u00e9liorent la fonctionnalit\u00e9 de votre espace et facilitent l&rsquo;organisation.<\/p>\n\n<\/div><\/div>\n\n<div class=\"gb-grid-column gb-grid-column-6ec537d2\"><div class=\"gb-container gb-container-6ec537d2\">\n\n<h3 class=\"gb-headline gb-headline-5ee4d4ec\"><span class=\"gb-icon\"><svg viewBox=\"0 0 20 20\" height=\"20\" width=\"20\" xmlns=\"http:\/\/www.w3.org\/2000\/svg\"><path d=\"M20 10c0-1.361-.758-2.616-2.031-3.622c-.002-.001-.004-.001-.005-.003C17.602 2.803 14.177 0 10 0S2.398 2.803 2.036 6.375c-.001.002-.003.002-.005.003C.758 7.384 0 8.639 0 10c0 3.112 3.947 5.669 9 5.97V17c0 1-1.821 1.911-1.821 1.911a.227.227 0 0 0-.109.277S7.375 20 8 20s1.124-.5 2.374-.5s2.439.432 2.439.432a.342.342 0 0 0 .329-.073l.717-.717c.078-.078.058-.173-.046-.212c0 0-1.812-.68-1.812-1.93v-1.121C16.565 15.324 20 12.903 20 10zM2 10c0-1.019.768-1.945 2.022-2.651C4.012 7.233 4 7.117 4 7c0-2.762 2.687-5 6-5s6 2.238 6 5c0 .117-.012.233-.021.349C17.232 8.055 18 8.981 18 10c0 1.864-2.551 3.424-5.999 3.869v-.668a.53.53 0 0 1 .145-.337l1.833-1.726a.534.534 0 0 0 .146-.337V9.95c0-.11-.078-.155-.172-.099l-1.779 1.047c-.096.056-.173.012-.173-.099V7.2c0-.11-.085-.172-.19-.137l-2.621.874a.297.297 0 0 0-.189.263v2.6c0 .11-.079.158-.177.107L6.802 9.843a.289.289 0 0 0-.318.048l-.342.342a.185.185 0 0 0 .009.273l2.7 2.361c.083.073.15.222.15.332v.765C5.056 13.719 2 12.04 2 10z\" fill=\"currentColor\"><\/path><\/svg><\/span><span class=\"gb-headline-text\"><strong>Options \u00e9cologiques<\/strong><\/span><\/h3>\n\n\n\n<p>Engag\u00e9s en faveur du d\u00e9veloppement durable, nous proposons des options d\u2019armoires respectueuses de l\u2019environnement. Nos armoires sont fabriqu\u00e9es \u00e0 partir de mat\u00e9riaux provenant de sources responsables et sont construites dans le respect de pratiques respectueuses de l&rsquo;environnement, sans compromettre la qualit\u00e9 ou la durabilit\u00e9.<\/p>\n\n<\/div><\/div>\n\n<div class=\"gb-grid-column gb-grid-column-15a80e9c\"><div class=\"gb-container gb-container-15a80e9c\">\n\n<h3 class=\"gb-headline gb-headline-7982f33c\"><span class=\"gb-icon\"><svg viewBox=\"0 0 24 24\" height=\"24\" width=\"24\" xmlns=\"http:\/\/www.w3.org\/2000\/svg\"><path d=\"M12 15c-4.42 0-8 1.79-8 4v2h16v-2c0-2.21-3.58-4-8-4M8 9a4 4 0 0 0 4 4a4 4 0 0 0 4-4m-4.5-7c-.3 0-.5.21-.5.5v3h-1V3s-2.25.86-2.25 3.75c0 0-.75.14-.75 1.25h10c-.05-1.11-.75-1.25-.75-1.25C16.25 3.86 14 3 14 3v2.5h-1v-3c0-.29-.19-.5-.5-.5h-1Z\" fill=\"currentColor\"><\/path><\/svg><\/span><span class=\"gb-headline-text\"><strong>Installation professionnelle<\/strong><\/span><\/h3>\n\n\n\n<p>Pour garantir que nos armoires soient \u00e0 leur meilleur et fonctionnent parfaitement, nous fournissons des services d\u2019installation professionnels. Notre \u00e9quipe d\u2019experts g\u00e8re chaque \u00e9tape du processus d\u2019installation avec pr\u00e9cision, garantissant que vos armoires sont parfaitement align\u00e9es et solidement install\u00e9es.<\/p>\n\n<\/div><\/div>\n<\/div>\n<\/div>","protected":false},"excerpt":{"rendered":"<p>Armoires de cuisine Luxe abordable POINTS FORTS DU PRODUIT Caract\u00e9ristiques Solution cl\u00e9 en main pour &#8230; <a title=\"Armoires de cuisine\" class=\"read-more\" href=\"https:\/\/mont-river.ca\/fr\/armoires-de-cuisine\/\" aria-label=\"En savoir plus sur Armoires de cuisine\">Lire plus<\/a><\/p>\n","protected":false},"author":1,"featured_media":1508,"parent":0,"menu_order":0,"comment_status":"closed","ping_status":"closed","template":"","meta":{"footnotes":""},"class_list":["post-1869","page","type-page","status-publish","has-post-thumbnail"],"_links":{"self":[{"href":"https:\/\/mont-river.ca\/fr\/wp-json\/wp\/v2\/pages\/1869\/"}],"collection":[{"href":"https:\/\/mont-river.ca\/fr\/wp-json\/wp\/v2\/pages\/"}],"about":[{"href":"https:\/\/mont-river.ca\/fr\/wp-json\/wp\/v2\/types\/page\/"}],"author":[{"embeddable":true,"href":"https:\/\/mont-river.ca\/fr\/wp-json\/wp\/v2\/users\/1\/"}],"replies":[{"embeddable":true,"href":"https:\/\/mont-river.ca\/fr\/wp-json\/wp\/v2\/comments\/?post=1869"}],"version-history":[{"count":1,"href":"https:\/\/mont-river.ca\/fr\/wp-json\/wp\/v2\/pages\/1869\/revisions\/"}],"predecessor-version":[{"id":2501,"href":"https:\/\/mont-river.ca\/fr\/wp-json\/wp\/v2\/pages\/1869\/revisions\/2501\/"}],"wp:featuredmedia":[{"embeddable":true,"href":"https:\/\/mont-river.ca\/fr\/wp-json\/wp\/v2\/media\/1508\/"}],"wp:attachment":[{"href":"https:\/\/mont-river.ca\/fr\/wp-json\/wp\/v2\/media\/?parent=1869"}],"curies":[{"name":"wp","href":"https:\/\/api.w.org\/{rel}","templated":true}]}}