{"id":1862,"date":"2023-11-15T05:19:03","date_gmt":"2023-11-15T05:19:03","guid":{"rendered":"https:\/\/mont-river.ca\/?page_id=1862"},"modified":"2025-01-05T03:14:02","modified_gmt":"2025-01-05T03:14:02","slug":"services-pour-les-professionnels","status":"publish","type":"page","link":"https:\/\/mont-river.ca\/fr\/services-pour-les-professionnels\/","title":{"rendered":"Services pour les professionnels"},"content":{"rendered":"<section class=\"gb-container gb-container-d51140e2\">\n\n<figure class=\"gb-block-image gb-block-image-6bd6184e\"><img loading=\"lazy\" decoding=\"async\" width=\"640\" height=\"427\" class=\"gb-image gb-image-6bd6184e\" src=\"https:\/\/mont-river.ca\/wp-content\/uploads\/2023\/10\/pexels-ivan-samkov-4491918.jpg\" alt=\"\" title=\"pexels-ivan-samkov-4491918\" srcset=\"https:\/\/mont-river.ca\/wp-content\/uploads\/2023\/10\/pexels-ivan-samkov-4491918.jpg 640w, https:\/\/mont-river.ca\/wp-content\/uploads\/2023\/10\/pexels-ivan-samkov-4491918-300x200.jpg 300w\" sizes=\"auto, (max-width: 640px) 100vw, 640px\" \/><\/figure>\n\n\n<div class=\"gb-container gb-container-f4f95654\">\n\n<h2 class=\"gb-headline gb-headline-b312b4be gb-headline-text\">Contractants<\/h2>\n\n\n\n<h3 class=\"gb-headline gb-headline-18940455 gb-headline-text\">Votre satisfaction est primordiale pour nos r\u00e9alisations.<\/h3>\n\n\n\n<p class=\"gb-headline gb-headline-0e669882 gb-headline-text\">Chez MontRiver, nous sommes honor\u00e9s de nouer des partenariats solides avec de nombreux entrepreneurs qu\u00e9b\u00e9cois sp\u00e9cialis\u00e9s en construction et en r\u00e9novation. Notre engagement in\u00e9branlable \u00e0 comprendre et \u00e0 r\u00e9pondre \u00e0 vos besoins uniques nous pousse \u00e0 adapter continuellement nos offres en fonction de l&rsquo;\u00e9volution de la dynamique du march\u00e9.<\/p>\n\n\n\n<h3 class=\"gb-headline gb-headline-4f3a5a78 gb-headline-text\">Vous avez un projet \u00e0 soumettre ?<\/h3>\n\n\n\n<p class=\"gb-headline gb-headline-614f31a1 gb-headline-text\">Veuillez transmettre les d\u00e9tails de votre projet et vos coordonn\u00e9es, et nous vous r\u00e9pondrons dans les plus brefs d\u00e9lais. N&rsquo;h\u00e9sitez pas \u00e9galement \u00e0 nous contacter par t\u00e9l\u00e9phone au (438) 239 8877 pour de plus amples renseignements.<\/p>\n\n\n\n<a class=\"gb-button gb-button-b6b7cd98\" href=\"mailto:info@mont-river.ca\" target=\"_blank\" rel=\"noopener noreferrer\"><span class=\"gb-button-text\">Envoyer un e-mail<\/span><span class=\"gb-icon\"><svg viewBox=\"0 0 330 330\" xmlns=\"http:\/\/www.w3.org\/2000\/svg\"><path d=\"M15 180h263.787l-49.394 49.394c-5.858 5.857-5.858 15.355 0 21.213C232.322 253.535 236.161 255 240 255s7.678-1.465 10.606-4.394l75-75c5.858-5.857 5.858-15.355 0-21.213l-75-75c-5.857-5.857-15.355-5.857-21.213 0-5.858 5.857-5.858 15.355 0 21.213L278.787 150H15c-8.284 0-15 6.716-15 15s6.716 15 15 15z\"><\/path><\/svg><\/span><\/a>\n\n<\/div>\n<\/section>","protected":false},"excerpt":{"rendered":"<p>Contractants Votre satisfaction est primordiale pour nos r\u00e9alisations. Chez MontRiver, nous sommes honor\u00e9s de nouer &#8230; <a title=\"Services pour les professionnels\" class=\"read-more\" href=\"https:\/\/mont-river.ca\/fr\/services-pour-les-professionnels\/\" aria-label=\"En savoir plus sur Services pour les professionnels\">Lire plus<\/a><\/p>\n","protected":false},"author":1,"featured_media":1489,"parent":0,"menu_order":0,"comment_status":"closed","ping_status":"closed","template":"","meta":{"footnotes":""},"class_list":["post-1862","page","type-page","status-publish","has-post-thumbnail"],"_links":{"self":[{"href":"https:\/\/mont-river.ca\/fr\/wp-json\/wp\/v2\/pages\/1862\/"}],"collection":[{"href":"https:\/\/mont-river.ca\/fr\/wp-json\/wp\/v2\/pages\/"}],"about":[{"href":"https:\/\/mont-river.ca\/fr\/wp-json\/wp\/v2\/types\/page\/"}],"author":[{"embeddable":true,"href":"https:\/\/mont-river.ca\/fr\/wp-json\/wp\/v2\/users\/1\/"}],"replies":[{"embeddable":true,"href":"https:\/\/mont-river.ca\/fr\/wp-json\/wp\/v2\/comments\/?post=1862"}],"version-history":[{"count":1,"href":"https:\/\/mont-river.ca\/fr\/wp-json\/wp\/v2\/pages\/1862\/revisions\/"}],"predecessor-version":[{"id":2511,"href":"https:\/\/mont-river.ca\/fr\/wp-json\/wp\/v2\/pages\/1862\/revisions\/2511\/"}],"wp:featuredmedia":[{"embeddable":true,"href":"https:\/\/mont-river.ca\/fr\/wp-json\/wp\/v2\/media\/1489\/"}],"wp:attachment":[{"href":"https:\/\/mont-river.ca\/fr\/wp-json\/wp\/v2\/media\/?parent=1862"}],"curies":[{"name":"wp","href":"https:\/\/api.w.org\/{rel}","templated":true}]}}